{"id":112,"date":"2023-09-20T09:47:28","date_gmt":"2023-09-20T07:47:28","guid":{"rendered":"http:\/\/www.geyer-genealogie.fr\/?page_id=112"},"modified":"2025-05-19T12:43:01","modified_gmt":"2025-05-19T10:43:01","slug":"a-propos","status":"publish","type":"page","link":"https:\/\/www.geyer-genealogie.fr\/index.php\/a-propos\/","title":{"rendered":"A propos"},"content":{"rendered":"\n<div class=\"wp-block-media-text is-stacked-on-mobile\" style=\"grid-template-columns:24% auto\"><figure class=\"wp-block-media-text__media\"><img loading=\"lazy\" decoding=\"async\" width=\"276\" height=\"329\" src=\"https:\/\/www.geyer-genealogie.fr\/wp-content\/uploads\/2023\/09\/photo-ID-noeud-papillon.jpg\" alt=\"\" class=\"wp-image-116 size-full\" srcset=\"https:\/\/www.geyer-genealogie.fr\/wp-content\/uploads\/2023\/09\/photo-ID-noeud-papillon.jpg 276w, https:\/\/www.geyer-genealogie.fr\/wp-content\/uploads\/2023\/09\/photo-ID-noeud-papillon-252x300.jpg 252w\" sizes=\"auto, (max-width: 276px) 100vw, 276px\" \/><\/figure><div class=\"wp-block-media-text__content\">\n<div class=\"wp-block-kenta-blocks-paragraph kb-paragraph kb-paragraph-26010b8b\"><p class=\"\">Je suis passionn\u00e9 de g\u00e9n\u00e9alogie depuis plus de 20 ans et j\u2019ai obtenu en juin 2022 le dipl\u00f4me universitaire \u00ab\u00a0<em>Histoire et G\u00e9n\u00e9alogie familiale\u00a0<\/em>\u00bb de l&rsquo;Universit\u00e9 du Mans, avec la mention\u00a0Tr\u00e8s Bien. La combinaison de ces deux exp\u00e9riences m&rsquo;a permis d&rsquo;acqu\u00e9rir les m\u00e9thodes, la rigueur et la pers\u00e9v\u00e9rance n\u00e9cessaires pour exercer le m\u00e9tier de g\u00e9n\u00e9alogiste professionnel. J\u2019aime entreprendre des recherches et r\u00e9soudre des \u00e9nigmes.<br>Je suis membre de la chambre de g\u00e9n\u00e9alogistes professionnels\u00a0<a href=\"http:\/\/www.sygene.fr\" target=\"_blank\" rel=\"noreferrer noopener\">S<\/a><a href=\"http:\/\/www.sygene.fr\">YGENE,<\/a><em> L\u2019alliance des g\u00e9n\u00e9alogistes professionnels<\/em> (anciennement Chambre syndicale des g\u00e9n\u00e9alogistes et h\u00e9raldistes de France, CSGHF). J&rsquo;applique les r\u00e8gles de d\u00e9ontologie et de confidentialit\u00e9 \u00e9dict\u00e9es par ma chambre syndicale.<br>Bas\u00e9 \u00e0 Strasbourg, je peux facilement me rendre dans les communes de la r\u00e9gion pour y consulter les actes dans les mairies ou des indices dans les cimeti\u00e8res. De plus, je parle l\u2019alsacien et lis couramment les diff\u00e9rents actes (\u00e9tat civil, notari\u00e9s, enregistrement, cadastre, etc.) r\u00e9dig\u00e9s en dialecte et en allemand durant les p\u00e9riodes d\u2019annexion (1870-1918) et d\u2019occupation de la Second Guerre mondiale.<\/p><\/div>\n<\/div><\/div>\n\n\n\n<h2 class=\"wp-block-heading\">Prix Michel FLOUCAUD de LA P\u00c9NARDILLE \u00e9dition 2023<\/h2>\n\n\n\n<div class=\"wp-block-media-text is-stacked-on-mobile\" style=\"grid-template-columns:30% auto\"><figure class=\"wp-block-media-text__media\"><img loading=\"lazy\" decoding=\"async\" width=\"300\" height=\"236\" src=\"https:\/\/www.geyer-genealogie.fr\/wp-content\/uploads\/2023\/10\/vignette-2eme-prix-2023.jpg\" alt=\"Prix Michel FLOUCAUD de LA P\u00c9NARDILLE \u00e9dition 2023\" class=\"wp-image-549 size-full\"\/><\/figure><div class=\"wp-block-media-text__content\">\n<div class=\"wp-block-kenta-blocks-paragraph kb-paragraph kb-paragraph-3ecef5fb\"><p class=\"\">Le 27 octobre 2023, les r\u00e9compenses pour le prix Michel FLOUCAUD de LA P\u00c9NARDILLE \u00e9dition 2023, d\u00e9cern\u00e9 par l&rsquo;association \u00ab\u00a0La France G\u00e9n\u00e9alogique &#8211; CEGF\u00a0\u00bb ont \u00e9t\u00e9 attribu\u00e9es. J&rsquo;ai eu l&rsquo;honneur de recevoir le 2\u00e8me prix pour ma monographie \u00ab <em>Une lign\u00e9e de Geyer, modestes figures de l\u2019histoire alsacienne de 1700 \u00e0 1965<\/em> \u00bb.<\/p><\/div>\n\n\n\n<div class=\"wp-block-kenta-blocks-paragraph kb-paragraph kb-paragraph-2b45f61d\"><p class=\"\">Pour d\u00e9couvrir ce prix et ces laur\u00e9ats, visitez la page de l\u2019association <a href=\"https:\/\/www.cegf.org\/pages_site\/lfg_prix.htm\" target=\"_blank\" rel=\"noreferrer noopener\">Prix Michel FLOUCAUD de LA P\u00c9NARDILLE<\/a>.<\/p><\/div>\n<\/div><\/div>\n\n\n\n<p><\/p>\n","protected":false},"excerpt":{"rendered":"<p>Prix Michel FLOUCAUD de LA P\u00c9NARDILLE \u00e9dition 2023<\/p>\n","protected":false},"author":1,"featured_media":0,"parent":0,"menu_order":0,"comment_status":"closed","ping_status":"closed","template":"","meta":{"site-container-style":"default","site-container-layout":"default","site-sidebar-layout":"default","site-transparent-header":"default","disable-article-header":"default","disable-site-header":"default","disable-site-footer":"default","disable-content-area-spacing":"default","footnotes":""},"class_list":["post-112","page","type-page","status-publish","hentry"],"yoast_head":"<!-- This site is optimized with the Yoast SEO plugin v22.0 - https:\/\/yoast.com\/wordpress\/plugins\/seo\/ -->\n<title>A propos - Geyer G\u00e9n\u00e9alogie<\/title>\n<meta name=\"robots\" content=\"index, follow, max-snippet:-1, max-image-preview:large, max-video-preview:-1\" \/>\n<link rel=\"canonical\" href=\"https:\/\/www.geyer-genealogie.fr\/index.php\/a-propos\/\" \/>\n<meta property=\"og:locale\" content=\"fr_FR\" \/>\n<meta property=\"og:type\" content=\"article\" \/>\n<meta property=\"og:title\" content=\"A propos - Geyer G\u00e9n\u00e9alogie\" \/>\n<meta property=\"og:description\" content=\"Prix Michel FLOUCAUD de LA P\u00c9NARDILLE \u00e9dition 2023\" \/>\n<meta property=\"og:url\" content=\"https:\/\/www.geyer-genealogie.fr\/index.php\/a-propos\/\" \/>\n<meta property=\"og:site_name\" content=\"Geyer G\u00e9n\u00e9alogie\" \/>\n<meta property=\"article:publisher\" content=\"https:\/\/www.facebook.com\/profile.php?id=100093335324063\" \/>\n<meta property=\"article:modified_time\" content=\"2025-05-19T10:43:01+00:00\" \/>\n<meta property=\"og:image\" content=\"http:\/\/www.geyer-genealogie.fr\/wp-content\/uploads\/2023\/09\/photo-ID-noeud-papillon.jpg\" \/>\n<meta name=\"twitter:card\" content=\"summary_large_image\" \/>\n<meta name=\"twitter:label1\" content=\"Dur\u00e9e de lecture estim\u00e9e\" \/>\n\t<meta name=\"twitter:data1\" content=\"2 minutes\" \/>\n<script type=\"application\/ld+json\" class=\"yoast-schema-graph\">{\"@context\":\"https:\/\/schema.org\",\"@graph\":[{\"@type\":\"WebPage\",\"@id\":\"https:\/\/www.geyer-genealogie.fr\/index.php\/a-propos\/\",\"url\":\"https:\/\/www.geyer-genealogie.fr\/index.php\/a-propos\/\",\"name\":\"A propos - Geyer G\u00e9n\u00e9alogie\",\"isPartOf\":{\"@id\":\"https:\/\/www.geyer-genealogie.fr\/#website\"},\"datePublished\":\"2023-09-20T07:47:28+00:00\",\"dateModified\":\"2025-05-19T10:43:01+00:00\",\"breadcrumb\":{\"@id\":\"https:\/\/www.geyer-genealogie.fr\/index.php\/a-propos\/#breadcrumb\"},\"inLanguage\":\"fr-FR\",\"potentialAction\":[{\"@type\":\"ReadAction\",\"target\":[\"https:\/\/www.geyer-genealogie.fr\/index.php\/a-propos\/\"]}]},{\"@type\":\"BreadcrumbList\",\"@id\":\"https:\/\/www.geyer-genealogie.fr\/index.php\/a-propos\/#breadcrumb\",\"itemListElement\":[{\"@type\":\"ListItem\",\"position\":1,\"name\":\"Accueil\",\"item\":\"https:\/\/www.geyer-genealogie.fr\/\"},{\"@type\":\"ListItem\",\"position\":2,\"name\":\"A propos\"}]},{\"@type\":\"WebSite\",\"@id\":\"https:\/\/www.geyer-genealogie.fr\/#website\",\"url\":\"https:\/\/www.geyer-genealogie.fr\/\",\"name\":\"Geyer G\u00e9n\u00e9alogie\",\"description\":\"G\u00e9n\u00e9alogie en Alsace-Lorraine et en France\",\"potentialAction\":[{\"@type\":\"SearchAction\",\"target\":{\"@type\":\"EntryPoint\",\"urlTemplate\":\"https:\/\/www.geyer-genealogie.fr\/?s={search_term_string}\"},\"query-input\":\"required name=search_term_string\"}],\"inLanguage\":\"fr-FR\"}]}<\/script>\n<!-- \/ Yoast SEO plugin. -->","yoast_head_json":{"title":"A propos - Geyer G\u00e9n\u00e9alogie","robots":{"index":"index","follow":"follow","max-snippet":"max-snippet:-1","max-image-preview":"max-image-preview:large","max-video-preview":"max-video-preview:-1"},"canonical":"https:\/\/www.geyer-genealogie.fr\/index.php\/a-propos\/","og_locale":"fr_FR","og_type":"article","og_title":"A propos - Geyer G\u00e9n\u00e9alogie","og_description":"Prix Michel FLOUCAUD de LA P\u00c9NARDILLE \u00e9dition 2023","og_url":"https:\/\/www.geyer-genealogie.fr\/index.php\/a-propos\/","og_site_name":"Geyer G\u00e9n\u00e9alogie","article_publisher":"https:\/\/www.facebook.com\/profile.php?id=100093335324063","article_modified_time":"2025-05-19T10:43:01+00:00","og_image":[{"url":"http:\/\/www.geyer-genealogie.fr\/wp-content\/uploads\/2023\/09\/photo-ID-noeud-papillon.jpg"}],"twitter_card":"summary_large_image","twitter_misc":{"Dur\u00e9e de lecture estim\u00e9e":"2 minutes"},"schema":{"@context":"https:\/\/schema.org","@graph":[{"@type":"WebPage","@id":"https:\/\/www.geyer-genealogie.fr\/index.php\/a-propos\/","url":"https:\/\/www.geyer-genealogie.fr\/index.php\/a-propos\/","name":"A propos - Geyer G\u00e9n\u00e9alogie","isPartOf":{"@id":"https:\/\/www.geyer-genealogie.fr\/#website"},"datePublished":"2023-09-20T07:47:28+00:00","dateModified":"2025-05-19T10:43:01+00:00","breadcrumb":{"@id":"https:\/\/www.geyer-genealogie.fr\/index.php\/a-propos\/#breadcrumb"},"inLanguage":"fr-FR","potentialAction":[{"@type":"ReadAction","target":["https:\/\/www.geyer-genealogie.fr\/index.php\/a-propos\/"]}]},{"@type":"BreadcrumbList","@id":"https:\/\/www.geyer-genealogie.fr\/index.php\/a-propos\/#breadcrumb","itemListElement":[{"@type":"ListItem","position":1,"name":"Accueil","item":"https:\/\/www.geyer-genealogie.fr\/"},{"@type":"ListItem","position":2,"name":"A propos"}]},{"@type":"WebSite","@id":"https:\/\/www.geyer-genealogie.fr\/#website","url":"https:\/\/www.geyer-genealogie.fr\/","name":"Geyer G\u00e9n\u00e9alogie","description":"G\u00e9n\u00e9alogie en Alsace-Lorraine et en France","potentialAction":[{"@type":"SearchAction","target":{"@type":"EntryPoint","urlTemplate":"https:\/\/www.geyer-genealogie.fr\/?s={search_term_string}"},"query-input":"required name=search_term_string"}],"inLanguage":"fr-FR"}]}},"_links":{"self":[{"href":"https:\/\/www.geyer-genealogie.fr\/index.php\/wp-json\/wp\/v2\/pages\/112","targetHints":{"allow":["GET"]}}],"collection":[{"href":"https:\/\/www.geyer-genealogie.fr\/index.php\/wp-json\/wp\/v2\/pages"}],"about":[{"href":"https:\/\/www.geyer-genealogie.fr\/index.php\/wp-json\/wp\/v2\/types\/page"}],"author":[{"embeddable":true,"href":"https:\/\/www.geyer-genealogie.fr\/index.php\/wp-json\/wp\/v2\/users\/1"}],"replies":[{"embeddable":true,"href":"https:\/\/www.geyer-genealogie.fr\/index.php\/wp-json\/wp\/v2\/comments?post=112"}],"version-history":[{"count":19,"href":"https:\/\/www.geyer-genealogie.fr\/index.php\/wp-json\/wp\/v2\/pages\/112\/revisions"}],"predecessor-version":[{"id":654,"href":"https:\/\/www.geyer-genealogie.fr\/index.php\/wp-json\/wp\/v2\/pages\/112\/revisions\/654"}],"wp:attachment":[{"href":"https:\/\/www.geyer-genealogie.fr\/index.php\/wp-json\/wp\/v2\/media?parent=112"}],"curies":[{"name":"wp","href":"https:\/\/api.w.org\/{rel}","templated":true}]}}