{"id":142,"date":"2023-09-20T11:30:47","date_gmt":"2023-09-20T09:30:47","guid":{"rendered":"http:\/\/www.geyer-genealogie.fr\/?page_id=142"},"modified":"2023-09-27T14:19:29","modified_gmt":"2023-09-27T12:19:29","slug":"contact","status":"publish","type":"page","link":"https:\/\/www.geyer-genealogie.fr\/index.php\/contact\/","title":{"rendered":"Contact"},"content":{"rendered":"\n<div class=\"wp-block-kenta-blocks-paragraph kb-paragraph kb-paragraph-8bba913a\"><p class=\"\">Pour me contacter, vous pouvez : <br>m&rsquo;appeler au 06.41.73.47.94,<br>m&rsquo;envoyer un mail \u00e0 l&rsquo;adresse <a href=\"mailto:geyer.genealogie@gmail.com\">geyer.genealogie@gmail.com<\/a>,<br>ou remplir le formulaire :<\/p><\/div>\n\n\n\n<div class=\"wp-block-contact-form-7-contact-form-selector\">\n<div class=\"wpcf7 no-js\" id=\"wpcf7-f141-o1\" lang=\"fr-FR\" dir=\"ltr\">\n<div class=\"screen-reader-response\"><p role=\"status\" aria-live=\"polite\" aria-atomic=\"true\"><\/p> <ul><\/ul><\/div>\n<form action=\"\/index.php\/wp-json\/wp\/v2\/pages\/142#wpcf7-f141-o1\" method=\"post\" class=\"wpcf7-form init\" aria-label=\"Formulaire de contact\" novalidate=\"novalidate\" data-status=\"init\">\n<div style=\"display: none;\">\n<input type=\"hidden\" name=\"_wpcf7\" value=\"141\" \/>\n<input type=\"hidden\" name=\"_wpcf7_version\" value=\"5.8.7\" \/>\n<input type=\"hidden\" name=\"_wpcf7_locale\" value=\"fr_FR\" \/>\n<input type=\"hidden\" name=\"_wpcf7_unit_tag\" value=\"wpcf7-f141-o1\" \/>\n<input type=\"hidden\" name=\"_wpcf7_container_post\" value=\"0\" \/>\n<input type=\"hidden\" name=\"_wpcf7_posted_data_hash\" value=\"\" \/>\n<input type=\"hidden\" name=\"_wpcf7_recaptcha_response\" value=\"\" \/>\n<\/div>\n<p><label> Votre nom<br \/>\n<span class=\"wpcf7-form-control-wrap\" data-name=\"your-name\"><input size=\"40\" class=\"wpcf7-form-control wpcf7-text wpcf7-validates-as-required\" autocomplete=\"name\" aria-required=\"true\" aria-invalid=\"false\" value=\"\" type=\"text\" name=\"your-name\" \/><\/span> <\/label>\n<\/p>\n<p><label> Votre e-mail<br \/>\n<span class=\"wpcf7-form-control-wrap\" data-name=\"your-email\"><input size=\"40\" class=\"wpcf7-form-control wpcf7-email wpcf7-validates-as-required wpcf7-text wpcf7-validates-as-email\" autocomplete=\"email\" aria-required=\"true\" aria-invalid=\"false\" value=\"\" type=\"email\" name=\"your-email\" \/><\/span> <\/label>\n<\/p>\n<p><label> Objet<br \/>\n<span class=\"wpcf7-form-control-wrap\" data-name=\"your-subject\"><input size=\"40\" class=\"wpcf7-form-control wpcf7-text wpcf7-validates-as-required\" aria-required=\"true\" aria-invalid=\"false\" value=\"\" type=\"text\" name=\"your-subject\" \/><\/span> <\/label>\n<\/p>\n<p><label> Votre message (facultatif)<br \/>\n<span class=\"wpcf7-form-control-wrap\" data-name=\"your-message\"><textarea cols=\"40\" rows=\"10\" class=\"wpcf7-form-control wpcf7-textarea\" aria-invalid=\"false\" name=\"your-message\"><\/textarea><\/span> <\/label>\n<\/p>\n<p><input class=\"wpcf7-form-control wpcf7-submit has-spinner\" type=\"submit\" value=\"Envoyer\" \/>\n<\/p><div class=\"wpcf7-response-output\" aria-hidden=\"true\"><\/div>\n<\/form>\n<\/div>\n<\/div>\n","protected":false},"excerpt":{"rendered":"","protected":false},"author":1,"featured_media":0,"parent":0,"menu_order":0,"comment_status":"closed","ping_status":"closed","template":"","meta":{"site-container-style":"default","site-container-layout":"default","site-sidebar-layout":"default","site-transparent-header":"default","disable-article-header":"default","disable-site-header":"default","disable-site-footer":"default","disable-content-area-spacing":"default","footnotes":""},"class_list":["post-142","page","type-page","status-publish","hentry"],"yoast_head":"<!-- This site is optimized with the Yoast SEO plugin v22.0 - https:\/\/yoast.com\/wordpress\/plugins\/seo\/ -->\n<title>Contact - Geyer G\u00e9n\u00e9alogie<\/title>\n<meta name=\"robots\" content=\"index, follow, max-snippet:-1, max-image-preview:large, max-video-preview:-1\" \/>\n<link rel=\"canonical\" href=\"https:\/\/www.geyer-genealogie.fr\/index.php\/contact\/\" \/>\n<meta property=\"og:locale\" content=\"fr_FR\" \/>\n<meta property=\"og:type\" content=\"article\" \/>\n<meta property=\"og:title\" content=\"Contact - Geyer G\u00e9n\u00e9alogie\" \/>\n<meta property=\"og:url\" content=\"https:\/\/www.geyer-genealogie.fr\/index.php\/contact\/\" \/>\n<meta property=\"og:site_name\" content=\"Geyer G\u00e9n\u00e9alogie\" \/>\n<meta property=\"article:publisher\" content=\"https:\/\/www.facebook.com\/profile.php?id=100093335324063\" \/>\n<meta property=\"article:modified_time\" content=\"2023-09-27T12:19:29+00:00\" \/>\n<meta name=\"twitter:card\" content=\"summary_large_image\" \/>\n<script type=\"application\/ld+json\" class=\"yoast-schema-graph\">{\"@context\":\"https:\/\/schema.org\",\"@graph\":[{\"@type\":\"WebPage\",\"@id\":\"https:\/\/www.geyer-genealogie.fr\/index.php\/contact\/\",\"url\":\"https:\/\/www.geyer-genealogie.fr\/index.php\/contact\/\",\"name\":\"Contact - Geyer G\u00e9n\u00e9alogie\",\"isPartOf\":{\"@id\":\"https:\/\/www.geyer-genealogie.fr\/#website\"},\"datePublished\":\"2023-09-20T09:30:47+00:00\",\"dateModified\":\"2023-09-27T12:19:29+00:00\",\"breadcrumb\":{\"@id\":\"https:\/\/www.geyer-genealogie.fr\/index.php\/contact\/#breadcrumb\"},\"inLanguage\":\"fr-FR\",\"potentialAction\":[{\"@type\":\"ReadAction\",\"target\":[\"https:\/\/www.geyer-genealogie.fr\/index.php\/contact\/\"]}]},{\"@type\":\"BreadcrumbList\",\"@id\":\"https:\/\/www.geyer-genealogie.fr\/index.php\/contact\/#breadcrumb\",\"itemListElement\":[{\"@type\":\"ListItem\",\"position\":1,\"name\":\"Accueil\",\"item\":\"https:\/\/www.geyer-genealogie.fr\/\"},{\"@type\":\"ListItem\",\"position\":2,\"name\":\"Contact\"}]},{\"@type\":\"WebSite\",\"@id\":\"https:\/\/www.geyer-genealogie.fr\/#website\",\"url\":\"https:\/\/www.geyer-genealogie.fr\/\",\"name\":\"Geyer G\u00e9n\u00e9alogie\",\"description\":\"G\u00e9n\u00e9alogie en Alsace-Lorraine et en France\",\"potentialAction\":[{\"@type\":\"SearchAction\",\"target\":{\"@type\":\"EntryPoint\",\"urlTemplate\":\"https:\/\/www.geyer-genealogie.fr\/?s={search_term_string}\"},\"query-input\":\"required name=search_term_string\"}],\"inLanguage\":\"fr-FR\"}]}<\/script>\n<!-- \/ Yoast SEO plugin. -->","yoast_head_json":{"title":"Contact - Geyer G\u00e9n\u00e9alogie","robots":{"index":"index","follow":"follow","max-snippet":"max-snippet:-1","max-image-preview":"max-image-preview:large","max-video-preview":"max-video-preview:-1"},"canonical":"https:\/\/www.geyer-genealogie.fr\/index.php\/contact\/","og_locale":"fr_FR","og_type":"article","og_title":"Contact - Geyer G\u00e9n\u00e9alogie","og_url":"https:\/\/www.geyer-genealogie.fr\/index.php\/contact\/","og_site_name":"Geyer G\u00e9n\u00e9alogie","article_publisher":"https:\/\/www.facebook.com\/profile.php?id=100093335324063","article_modified_time":"2023-09-27T12:19:29+00:00","twitter_card":"summary_large_image","schema":{"@context":"https:\/\/schema.org","@graph":[{"@type":"WebPage","@id":"https:\/\/www.geyer-genealogie.fr\/index.php\/contact\/","url":"https:\/\/www.geyer-genealogie.fr\/index.php\/contact\/","name":"Contact - Geyer G\u00e9n\u00e9alogie","isPartOf":{"@id":"https:\/\/www.geyer-genealogie.fr\/#website"},"datePublished":"2023-09-20T09:30:47+00:00","dateModified":"2023-09-27T12:19:29+00:00","breadcrumb":{"@id":"https:\/\/www.geyer-genealogie.fr\/index.php\/contact\/#breadcrumb"},"inLanguage":"fr-FR","potentialAction":[{"@type":"ReadAction","target":["https:\/\/www.geyer-genealogie.fr\/index.php\/contact\/"]}]},{"@type":"BreadcrumbList","@id":"https:\/\/www.geyer-genealogie.fr\/index.php\/contact\/#breadcrumb","itemListElement":[{"@type":"ListItem","position":1,"name":"Accueil","item":"https:\/\/www.geyer-genealogie.fr\/"},{"@type":"ListItem","position":2,"name":"Contact"}]},{"@type":"WebSite","@id":"https:\/\/www.geyer-genealogie.fr\/#website","url":"https:\/\/www.geyer-genealogie.fr\/","name":"Geyer G\u00e9n\u00e9alogie","description":"G\u00e9n\u00e9alogie en Alsace-Lorraine et en France","potentialAction":[{"@type":"SearchAction","target":{"@type":"EntryPoint","urlTemplate":"https:\/\/www.geyer-genealogie.fr\/?s={search_term_string}"},"query-input":"required name=search_term_string"}],"inLanguage":"fr-FR"}]}},"_links":{"self":[{"href":"https:\/\/www.geyer-genealogie.fr\/index.php\/wp-json\/wp\/v2\/pages\/142","targetHints":{"allow":["GET"]}}],"collection":[{"href":"https:\/\/www.geyer-genealogie.fr\/index.php\/wp-json\/wp\/v2\/pages"}],"about":[{"href":"https:\/\/www.geyer-genealogie.fr\/index.php\/wp-json\/wp\/v2\/types\/page"}],"author":[{"embeddable":true,"href":"https:\/\/www.geyer-genealogie.fr\/index.php\/wp-json\/wp\/v2\/users\/1"}],"replies":[{"embeddable":true,"href":"https:\/\/www.geyer-genealogie.fr\/index.php\/wp-json\/wp\/v2\/comments?post=142"}],"version-history":[{"count":3,"href":"https:\/\/www.geyer-genealogie.fr\/index.php\/wp-json\/wp\/v2\/pages\/142\/revisions"}],"predecessor-version":[{"id":288,"href":"https:\/\/www.geyer-genealogie.fr\/index.php\/wp-json\/wp\/v2\/pages\/142\/revisions\/288"}],"wp:attachment":[{"href":"https:\/\/www.geyer-genealogie.fr\/index.php\/wp-json\/wp\/v2\/media?parent=142"}],"curies":[{"name":"wp","href":"https:\/\/api.w.org\/{rel}","templated":true}]}}