{"id":161,"date":"2023-09-20T17:51:55","date_gmt":"2023-09-20T15:51:55","guid":{"rendered":"http:\/\/www.geyer-genealogie.fr\/?page_id=161"},"modified":"2023-12-13T12:10:31","modified_gmt":"2023-12-13T11:10:31","slug":"faire-parler-un-texte-ancien","status":"publish","type":"page","link":"https:\/\/www.geyer-genealogie.fr\/index.php\/faire-parler-un-texte-ancien\/","title":{"rendered":"Faire parler un texte ancien"},"content":{"rendered":"\n<div class=\"wp-block-kenta-blocks-paragraph kb-paragraph kb-paragraph-9b21c76f\"><p class=\"\">En Alsace comme dans d\u2019autres r\u00e9gions, la recherche g\u00e9n\u00e9alogique butte parfois sur des probl\u00e8mes linguistiques. Ainsi, les registres paroissiaux protestants ont \u00e9t\u00e9 r\u00e9dig\u00e9s en dialecte et les actes d\u2019\u00e9tat civil durant les p\u00e9riodes d\u2019annexion (1870-1918) et d\u2019occupation de la Second Guerre mondiale l&rsquo;ont \u00e9t\u00e9 en allemand. Ils ne sont pas toujours simples \u00e0 d\u00e9chiffrer comme le montre les deux exemples qui suivent.<\/p><\/div>\n\n\n\n<div class=\"wp-block-kenta-blocks-section kb-section-5459305f kb-section\">\n<div class=\"wp-block-kenta-blocks-column kb-column-wrapper kb-column-wrapper-2492df81\"><div class=\"kb-column kb-column-2492df81\"><div class=\"kb-column-content\">\n<figure class=\"wp-block-kenta-blocks-image kb-image kb-image-46f60426\"><img decoding=\"async\" src=\"https:\/\/www.geyer-genealogie.fr\/wp-content\/uploads\/2023\/09\/extrait-acte-de-naissance-shadow.png\" alt=\"\"\/><\/figure>\n<\/div><\/div><\/div>\n\n\n\n<div class=\"wp-block-kenta-blocks-column kb-column-wrapper kb-column-wrapper-543743bf\"><div class=\"kb-column kb-column-543743bf\"><div class=\"kb-column-content\">\n<div class=\"wp-block-kenta-blocks-paragraph kb-paragraph kb-paragraph-4110a09e\"><p class=\"\">Cet acte, r\u00e9dig\u00e9 en \u00ab\u00a0<em>Deutsche Kurrentschrift<\/em>\u00ab\u00a0, enregistre la naissance de Karl (Charles) Metzger, fils du journalier Andreas (Andr\u00e9) Metzger, habitant Koenigshofen n\u00b0 137, de religion \u00e9vang\u00e9lique, et de son \u00e9pouse, Anna, n\u00e9e Geyer, de religion \u00e9vang\u00e9lique, n\u00e9 le vingt-sept juillet 1895. La mention oblique en marge informe qu\u2019il est d\u00e9c\u00e9d\u00e9 le 27 septembre 1895.<\/p><\/div>\n\n\n\n<div class=\"wp-block-kenta-blocks-paragraph kb-paragraph kb-paragraph-c9568232\"><p class=\"\">Source&nbsp;: Archives d\u2019Alsace, site de Strasbourg, registre de naissance de Strasbourg, 1895, cote 4E482\/267.<\/p><\/div>\n\n\n\n<p><\/p>\n<\/div><\/div><\/div>\n<\/div>\n\n\n\n<div class=\"wp-block-kenta-blocks-paragraph kb-paragraph kb-paragraph-86132d88\"><p class=\"\">Le deuxi\u00e8me exemple, un acte notari\u00e9 datant de 1790, est extrait d\u2019un inventaire apr\u00e8s d\u00e9c\u00e8s qui est riche en informations g\u00e9n\u00e9alogiques puisqu\u2019il nous donne la liste des enfants du d\u00e9funt vivants, lesquels h\u00e9ritent de leur p\u00e8re, ainsi que le nom de leur tuteur, Michel Frion le citoyen de Niedersoultzbach, qui prend ces enfants en charge car leur m\u00e8re est d\u00e9j\u00e0 d\u00e9c\u00e9d\u00e9e.<\/p><\/div>\n\n\n\n<div class=\"wp-block-kenta-blocks-section kb-section-f02afe0b kb-section\">\n<div class=\"wp-block-kenta-blocks-column kb-column-wrapper kb-column-wrapper-54e17ef9\"><div class=\"kb-column kb-column-54e17ef9\"><div class=\"kb-column-content\">\n<figure class=\"wp-block-kenta-blocks-image kb-image kb-image-7c5c43d0\"><img decoding=\"async\" src=\"https:\/\/www.geyer-genealogie.fr\/wp-content\/uploads\/2023\/09\/extrait-inventaire-apres-deces-shadow.png\" alt=\"\"\/><\/figure>\n\n\n\n<div class=\"wp-block-kenta-blocks-paragraph kb-paragraph kb-paragraph-0e3777e3\"><p class=\"\">Extrait de l\u2019Inventaire apr\u00e8s d\u00e9c\u00e8s de Jakob Geiger et Maria Magdalena Frionin, dress\u00e9 le 10 novembre 1790 \u00e0 Obersoultzbach (Bas-Rhin).<br>Source : Archives d\u2019Alsace \u2013 site de Strasbourg, cote 6E17\/61, acte n\u00b0 104.<\/p><\/div>\n<\/div><\/div><\/div>\n\n\n\n<div class=\"wp-block-kenta-blocks-column kb-column-wrapper kb-column-wrapper-792ad61e\"><div class=\"kb-column kb-column-792ad61e\"><div class=\"kb-column-content\">\n<p><strong>Transcription en allemand contemporain :<\/strong><br>[1] Dergleichen sind vorhanden zur V\u00e4terlichen<br>[2] Erbschaft und 2 Terzen der Errungenschaft<br>[3] 1. Georg Geiger 22<br>[4] 2. Michel der 21 Jar alt<br>[5] <s>und<\/s><br>[6] 3. Andres Geiger so 14<br>[7] und<br>[8] 4. Katarina Geiger welche 8<br>[9] Die Mutter und eine Terz der Errungen-<br>[10] schaft erben gleichfals diese 4 Erben, f\u00fcr welche<br>[11] sich Michel Frion der B\u00fcrger von Nieder-<br>[12] sulzbach als Vogt darstettet und zu Sicherheit<br>[13] des in Verwaltung bekommenden Verm\u00f6gens<br>[14] das seinige Verpf\u00e4ndet<\/p>\n<\/div><\/div><\/div>\n\n\n\n<div class=\"wp-block-kenta-blocks-column kb-column-wrapper kb-column-wrapper-62d43886\"><div class=\"kb-column kb-column-62d43886\"><div class=\"kb-column-content\">\n<p><strong>Traduction <\/strong>:<br>[1] De m\u00eame sont pr\u00e9sents pour la succession<br>[2] paternelle et 2 tiers des acqu\u00eats<br>[3] 1. Georg Geiger 22<br>[4] 2. Michel le[quel a] 21 ans d\u2019\u00e2ge<br>[5] et<br>[6] 3. Andres Geiger environ 14<br>[7] et<br>[8] 4. Katarina Geiger laquelle [a] 8<br>[9] [les biens de] la m\u00e8re et un tiers des acqu\u00eats<br>[10] h\u00e9ritent \u00e9galement ces 4 h\u00e9ritiers, pour lesquels<br>[11] Michel Frion le citoyen de Nieder-<br>[12] soultzbach se pr\u00e9sente en tant que tuteur et en garantie<br>[13] des biens re\u00e7us \u00e0 g\u00e9rer<br>[14] met en gage les siens<\/p>\n<\/div><\/div><\/div>\n<\/div>\n\n\n\n<div class=\"wp-block-kenta-blocks-paragraph kb-paragraph kb-paragraph-8f4ca35b\"><p class=\"\"><strong>Gr\u00e2ce \u00e0 mes comp\u00e9tences en pal\u00e9ographie allemande, je peux vous fournir des informations pr\u00e9cieuses pour faire avancer ou compl\u00e9ter votre g\u00e9n\u00e9alogie ou votre histoire familiale.<\/strong> <\/p><\/div>\n\n\n\n<div class=\"wp-block-kenta-blocks-buttons kb-buttons kb-buttons-4568bf51\">\n<div class=\"kb-button-wrapper kb-button-wrapper-dc936096\"><a class=\"wp-block-kenta-blocks-button kb-button kb-button-dc936096 kb-button-left\" href=\"https:\/\/www.geyer-genealogie.fr\/index.php\/contact\/\"><span>Me contacter<\/span><\/a><\/div>\n<\/div>\n","protected":false},"excerpt":{"rendered":"","protected":false},"author":1,"featured_media":0,"parent":0,"menu_order":0,"comment_status":"closed","ping_status":"closed","template":"","meta":{"site-container-style":"default","site-container-layout":"default","site-sidebar-layout":"default","site-transparent-header":"default","disable-article-header":"default","disable-site-header":"default","disable-site-footer":"default","disable-content-area-spacing":"default","footnotes":""},"class_list":["post-161","page","type-page","status-publish","hentry"],"yoast_head":"<!-- This site is optimized with the Yoast SEO plugin v22.0 - https:\/\/yoast.com\/wordpress\/plugins\/seo\/ -->\n<title>Faire parler un texte ancien - Geyer G\u00e9n\u00e9alogie<\/title>\n<meta name=\"robots\" content=\"index, follow, max-snippet:-1, max-image-preview:large, max-video-preview:-1\" \/>\n<link rel=\"canonical\" href=\"https:\/\/www.geyer-genealogie.fr\/index.php\/faire-parler-un-texte-ancien\/\" \/>\n<meta property=\"og:locale\" content=\"fr_FR\" \/>\n<meta property=\"og:type\" content=\"article\" \/>\n<meta property=\"og:title\" content=\"Faire parler un texte ancien - Geyer G\u00e9n\u00e9alogie\" \/>\n<meta property=\"og:url\" content=\"https:\/\/www.geyer-genealogie.fr\/index.php\/faire-parler-un-texte-ancien\/\" \/>\n<meta property=\"og:site_name\" content=\"Geyer G\u00e9n\u00e9alogie\" \/>\n<meta property=\"article:publisher\" content=\"https:\/\/www.facebook.com\/profile.php?id=100093335324063\" \/>\n<meta property=\"article:modified_time\" content=\"2023-12-13T11:10:31+00:00\" \/>\n<meta property=\"og:image\" content=\"https:\/\/www.geyer-genealogie.fr\/wp-content\/uploads\/2023\/09\/extrait-acte-de-naissance-shadow.png\" \/>\n<meta name=\"twitter:card\" content=\"summary_large_image\" \/>\n<meta name=\"twitter:label1\" content=\"Dur\u00e9e de lecture estim\u00e9e\" \/>\n\t<meta name=\"twitter:data1\" content=\"3 minutes\" \/>\n<script type=\"application\/ld+json\" class=\"yoast-schema-graph\">{\"@context\":\"https:\/\/schema.org\",\"@graph\":[{\"@type\":\"WebPage\",\"@id\":\"https:\/\/www.geyer-genealogie.fr\/index.php\/faire-parler-un-texte-ancien\/\",\"url\":\"https:\/\/www.geyer-genealogie.fr\/index.php\/faire-parler-un-texte-ancien\/\",\"name\":\"Faire parler un texte ancien - Geyer G\u00e9n\u00e9alogie\",\"isPartOf\":{\"@id\":\"https:\/\/www.geyer-genealogie.fr\/#website\"},\"datePublished\":\"2023-09-20T15:51:55+00:00\",\"dateModified\":\"2023-12-13T11:10:31+00:00\",\"breadcrumb\":{\"@id\":\"https:\/\/www.geyer-genealogie.fr\/index.php\/faire-parler-un-texte-ancien\/#breadcrumb\"},\"inLanguage\":\"fr-FR\",\"potentialAction\":[{\"@type\":\"ReadAction\",\"target\":[\"https:\/\/www.geyer-genealogie.fr\/index.php\/faire-parler-un-texte-ancien\/\"]}]},{\"@type\":\"BreadcrumbList\",\"@id\":\"https:\/\/www.geyer-genealogie.fr\/index.php\/faire-parler-un-texte-ancien\/#breadcrumb\",\"itemListElement\":[{\"@type\":\"ListItem\",\"position\":1,\"name\":\"Accueil\",\"item\":\"https:\/\/www.geyer-genealogie.fr\/\"},{\"@type\":\"ListItem\",\"position\":2,\"name\":\"Faire parler un texte ancien\"}]},{\"@type\":\"WebSite\",\"@id\":\"https:\/\/www.geyer-genealogie.fr\/#website\",\"url\":\"https:\/\/www.geyer-genealogie.fr\/\",\"name\":\"Geyer G\u00e9n\u00e9alogie\",\"description\":\"G\u00e9n\u00e9alogie en Alsace-Lorraine et en France\",\"potentialAction\":[{\"@type\":\"SearchAction\",\"target\":{\"@type\":\"EntryPoint\",\"urlTemplate\":\"https:\/\/www.geyer-genealogie.fr\/?s={search_term_string}\"},\"query-input\":\"required name=search_term_string\"}],\"inLanguage\":\"fr-FR\"}]}<\/script>\n<!-- \/ Yoast SEO plugin. -->","yoast_head_json":{"title":"Faire parler un texte ancien - Geyer G\u00e9n\u00e9alogie","robots":{"index":"index","follow":"follow","max-snippet":"max-snippet:-1","max-image-preview":"max-image-preview:large","max-video-preview":"max-video-preview:-1"},"canonical":"https:\/\/www.geyer-genealogie.fr\/index.php\/faire-parler-un-texte-ancien\/","og_locale":"fr_FR","og_type":"article","og_title":"Faire parler un texte ancien - Geyer G\u00e9n\u00e9alogie","og_url":"https:\/\/www.geyer-genealogie.fr\/index.php\/faire-parler-un-texte-ancien\/","og_site_name":"Geyer G\u00e9n\u00e9alogie","article_publisher":"https:\/\/www.facebook.com\/profile.php?id=100093335324063","article_modified_time":"2023-12-13T11:10:31+00:00","og_image":[{"url":"https:\/\/www.geyer-genealogie.fr\/wp-content\/uploads\/2023\/09\/extrait-acte-de-naissance-shadow.png"}],"twitter_card":"summary_large_image","twitter_misc":{"Dur\u00e9e de lecture estim\u00e9e":"3 minutes"},"schema":{"@context":"https:\/\/schema.org","@graph":[{"@type":"WebPage","@id":"https:\/\/www.geyer-genealogie.fr\/index.php\/faire-parler-un-texte-ancien\/","url":"https:\/\/www.geyer-genealogie.fr\/index.php\/faire-parler-un-texte-ancien\/","name":"Faire parler un texte ancien - Geyer G\u00e9n\u00e9alogie","isPartOf":{"@id":"https:\/\/www.geyer-genealogie.fr\/#website"},"datePublished":"2023-09-20T15:51:55+00:00","dateModified":"2023-12-13T11:10:31+00:00","breadcrumb":{"@id":"https:\/\/www.geyer-genealogie.fr\/index.php\/faire-parler-un-texte-ancien\/#breadcrumb"},"inLanguage":"fr-FR","potentialAction":[{"@type":"ReadAction","target":["https:\/\/www.geyer-genealogie.fr\/index.php\/faire-parler-un-texte-ancien\/"]}]},{"@type":"BreadcrumbList","@id":"https:\/\/www.geyer-genealogie.fr\/index.php\/faire-parler-un-texte-ancien\/#breadcrumb","itemListElement":[{"@type":"ListItem","position":1,"name":"Accueil","item":"https:\/\/www.geyer-genealogie.fr\/"},{"@type":"ListItem","position":2,"name":"Faire parler un texte ancien"}]},{"@type":"WebSite","@id":"https:\/\/www.geyer-genealogie.fr\/#website","url":"https:\/\/www.geyer-genealogie.fr\/","name":"Geyer G\u00e9n\u00e9alogie","description":"G\u00e9n\u00e9alogie en Alsace-Lorraine et en France","potentialAction":[{"@type":"SearchAction","target":{"@type":"EntryPoint","urlTemplate":"https:\/\/www.geyer-genealogie.fr\/?s={search_term_string}"},"query-input":"required name=search_term_string"}],"inLanguage":"fr-FR"}]}},"_links":{"self":[{"href":"https:\/\/www.geyer-genealogie.fr\/index.php\/wp-json\/wp\/v2\/pages\/161","targetHints":{"allow":["GET"]}}],"collection":[{"href":"https:\/\/www.geyer-genealogie.fr\/index.php\/wp-json\/wp\/v2\/pages"}],"about":[{"href":"https:\/\/www.geyer-genealogie.fr\/index.php\/wp-json\/wp\/v2\/types\/page"}],"author":[{"embeddable":true,"href":"https:\/\/www.geyer-genealogie.fr\/index.php\/wp-json\/wp\/v2\/users\/1"}],"replies":[{"embeddable":true,"href":"https:\/\/www.geyer-genealogie.fr\/index.php\/wp-json\/wp\/v2\/comments?post=161"}],"version-history":[{"count":17,"href":"https:\/\/www.geyer-genealogie.fr\/index.php\/wp-json\/wp\/v2\/pages\/161\/revisions"}],"predecessor-version":[{"id":583,"href":"https:\/\/www.geyer-genealogie.fr\/index.php\/wp-json\/wp\/v2\/pages\/161\/revisions\/583"}],"wp:attachment":[{"href":"https:\/\/www.geyer-genealogie.fr\/index.php\/wp-json\/wp\/v2\/media?parent=161"}],"curies":[{"name":"wp","href":"https:\/\/api.w.org\/{rel}","templated":true}]}}