{"id":18,"date":"2023-09-04T16:52:02","date_gmt":"2023-09-04T14:52:02","guid":{"rendered":"http:\/\/www.geyer-genealogie.fr\/?page_id=18"},"modified":"2023-10-30T20:21:35","modified_gmt":"2023-10-30T19:21:35","slug":"nos-services","status":"publish","type":"page","link":"https:\/\/www.geyer-genealogie.fr\/index.php\/nos-services\/","title":{"rendered":"Nos services"},"content":{"rendered":"\n<div class=\"wp-block-kenta-blocks-paragraph kb-paragraph kb-paragraph-f276ae66\"><p class=\"\"><strong>En g\u00e9n\u00e9alogie familiale<\/strong>, nous vous proposons de r\u00e9aliser :<\/p><\/div>\n\n\n\n<ul class=\"wp-block-list\">\n<li>La recherche de tous vos anc\u00eatres sur plusieurs g\u00e9n\u00e9rations, pour arriver \u00e0 la R\u00e9volution fran\u00e7aise, voire jusqu\u2019au 17<sup>\u00e8me<\/sup> si\u00e8cle,<\/li>\n\n\n\n<li>La recherche sur un nom de famille parmi vos anc\u00eatres directs, par exemple de p\u00e8res en fils (lign\u00e9e agnatique) ou de m\u00e8res en filles (lign\u00e9e cognatique),<\/li>\n\n\n\n<li>La recherche de la descendance d\u2019une personne pour par exemple retrouver des cousins,<\/li>\n\n\n\n<li>La transcription et traduction de documents anciens r\u00e9dig\u00e9s en allemand, alsacien ou latin que vous poss\u00e9dez ou qui sont consultables en archives,<\/li>\n\n\n\n<li>Une cartographie g\u00e9n\u00e9alogique, telle que, par exemple, la r\u00e9partition g\u00e9ographique de vos anc\u00eatres,<\/li>\n\n\n\n<li>Une recherche fonci\u00e8re pour retracer l\u2019histoire d\u2019une propri\u00e9t\u00e9, d\u2019une entreprise familiale\u2026<\/li>\n\n\n\n<li>Une aide ponctuelle pour d\u00e9bloquer une recherche personnelle que vous n\u2019arrivez pas \u00e0 faire avancer,<\/li>\n\n\n\n<li>La r\u00e9daction de la biographie d\u2019un anc\u00eatre pour retracer sa vie, son parcours professionnel,<\/li>\n\n\n\n<li>L&rsquo;\u00e9criture d\u2019une histoire familiale (monographie).<\/li>\n<\/ul>\n\n\n\n<div class=\"wp-block-kenta-blocks-paragraph kb-paragraph kb-paragraph-581756f8\"><p class=\"\"><strong>En g\u00e9n\u00e9alogie successorale,<\/strong> nous pouvons&nbsp;:<\/p><\/div>\n\n\n\n<ul class=\"wp-block-list\">\n<li>R\u00e9aliser l\u2019identification des h\u00e9ritiers d\u2019une personne d\u00e9c\u00e9d\u00e9e<\/li>\n\n\n\n<li>Valider la qualit\u00e9 d\u2019h\u00e9ritier d\u2019une personne d\u00e9c\u00e9d\u00e9e<\/li>\n<\/ul>\n\n\n\n<div class=\"wp-block-kenta-blocks-paragraph kb-paragraph kb-paragraph-686cd932\"><p class=\"\"><strong>Chaque recherche n\u00e9cessite une \u00e9tude particuli\u00e8re en fonction des archives disponibles.<\/strong><\/p><\/div>\n\n\n\n<div class=\"wp-block-kenta-blocks-paragraph kb-paragraph kb-paragraph-e4b9c021\"><p class=\"\">Pour d\u00e9finir clairement les travaux \u00e0 r\u00e9aliser et leur co\u00fbt, nous proc\u00e9dons \u00e0 un entretien destin\u00e9 \u00e0 recueillir les attentes du client puis \u00e9tablissons un devis d\u00e9taill\u00e9. Ce devis est enti\u00e8rement gratuit et sans engagement.<\/p><\/div>\n\n\n\n<div class=\"wp-block-kenta-blocks-paragraph kb-paragraph kb-paragraph-24916896\"><p class=\"\">\u00c0 la fin des travaux et apr\u00e8s le r\u00e8glement du solde des prestations, un rapport d\u00e9taill\u00e9 des recherches et des r\u00e9sultats ainsi que les reproductions des documents trouv\u00e9s sont remis au client sous format num\u00e9rique. Pour les arbres g\u00e9n\u00e9alogiques, les informations sont \u00e9galement transmises dans un fichier au format GEDCOM. En cas de recherches infructueuses, les justificatifs des recherches, d\u00e9marches effectu\u00e9es et lacunes trouv\u00e9es seront communiqu\u00e9s au client.<\/p><\/div>\n\n\n\n<div class=\"wp-block-kenta-blocks-paragraph kb-paragraph kb-paragraph-ab19806c\"><p class=\"\">Remarque&nbsp;: Le g\u00e9n\u00e9alogiste familial est tenu \u00e0 une obligation de moyens. Il n\u2019est pas tenu \u00e0 une obligation de r\u00e9sultats. Il doit expliquer sur quelles sources il travaille ainsi que les \u00e9ventuels manquements (sources d\u00e9truites, etc.), et le cas \u00e9ch\u00e9ant, pourquoi une recherche n\u2019a pas abouti. En cons\u00e9quence, il mettra tout en \u0153uvre pour obtenir les r\u00e9sultats escompt\u00e9s et ses honoraires seront enti\u00e8rement dus en cas d&rsquo;\u00e9chec comme en cas de succ\u00e8s.<\/p><\/div>\n\n\n\n<h2 class=\"wp-block-heading\">Pourquoi faire appel \u00e0 un g\u00e9n\u00e9alogiste professionnel ? <\/h2>\n\n\n\n<div class=\"wp-block-kenta-blocks-paragraph kb-paragraph kb-paragraph-84e5d767\"><p class=\"\">Les informations disponibles sur Internet sont de plus en plus nombreuses et peuvent donner l&rsquo;illusion que r\u00e9aliser son arbre g\u00e9n\u00e9alogique est un jeu d&rsquo;enfant. Mais pour obtenir des r\u00e9sultats exacts, il faut plus que des bases de donn\u00e9es et des images d&rsquo;actes. Il faut notamment des m\u00e9thodes, de la rigueur et des connaissances de l&rsquo;histoire locale.<br>Une association am\u00e9ricaine de g\u00e9n\u00e9alogistes professionnels a publi\u00e9 un article qui en r\u00e9sum\u00e9 avance les raisons suivantes : gr\u00e2ce \u00e0 un g\u00e9n\u00e9alogiste professionnel, vous \u00e9conomisez du temps et de l&rsquo;argent et vous obtenez un travail de qualit\u00e9. <br>Cet article en anglais est consultable <a href=\"https:\/\/www.apgen.org\/cpages\/why-hire-a-professional\">ici <\/a><\/p><\/div>\n","protected":false},"excerpt":{"rendered":"<p>Pourquoi faire appel \u00e0 un g\u00e9n\u00e9alogiste professionnel ?<\/p>\n","protected":false},"author":1,"featured_media":0,"parent":0,"menu_order":0,"comment_status":"closed","ping_status":"closed","template":"","meta":{"site-container-style":"default","site-container-layout":"default","site-sidebar-layout":"default","site-transparent-header":"default","disable-article-header":"default","disable-site-header":"default","disable-site-footer":"default","disable-content-area-spacing":"default","footnotes":""},"class_list":["post-18","page","type-page","status-publish","hentry"],"yoast_head":"<!-- This site is optimized with the Yoast SEO plugin v22.0 - https:\/\/yoast.com\/wordpress\/plugins\/seo\/ -->\n<title>Nos services - Geyer G\u00e9n\u00e9alogie<\/title>\n<meta name=\"robots\" content=\"index, follow, max-snippet:-1, max-image-preview:large, max-video-preview:-1\" \/>\n<link rel=\"canonical\" href=\"https:\/\/www.geyer-genealogie.fr\/index.php\/nos-services\/\" \/>\n<meta property=\"og:locale\" content=\"fr_FR\" \/>\n<meta property=\"og:type\" content=\"article\" \/>\n<meta property=\"og:title\" content=\"Nos services - Geyer G\u00e9n\u00e9alogie\" \/>\n<meta property=\"og:description\" content=\"Pourquoi faire appel \u00e0 un g\u00e9n\u00e9alogiste professionnel ?\" \/>\n<meta property=\"og:url\" content=\"https:\/\/www.geyer-genealogie.fr\/index.php\/nos-services\/\" \/>\n<meta property=\"og:site_name\" content=\"Geyer G\u00e9n\u00e9alogie\" \/>\n<meta property=\"article:publisher\" content=\"https:\/\/www.facebook.com\/profile.php?id=100093335324063\" \/>\n<meta property=\"article:modified_time\" content=\"2023-10-30T19:21:35+00:00\" \/>\n<meta name=\"twitter:card\" content=\"summary_large_image\" \/>\n<meta name=\"twitter:label1\" content=\"Dur\u00e9e de lecture estim\u00e9e\" \/>\n\t<meta name=\"twitter:data1\" content=\"3 minutes\" \/>\n<script type=\"application\/ld+json\" class=\"yoast-schema-graph\">{\"@context\":\"https:\/\/schema.org\",\"@graph\":[{\"@type\":\"WebPage\",\"@id\":\"https:\/\/www.geyer-genealogie.fr\/index.php\/nos-services\/\",\"url\":\"https:\/\/www.geyer-genealogie.fr\/index.php\/nos-services\/\",\"name\":\"Nos services - Geyer G\u00e9n\u00e9alogie\",\"isPartOf\":{\"@id\":\"https:\/\/www.geyer-genealogie.fr\/#website\"},\"datePublished\":\"2023-09-04T14:52:02+00:00\",\"dateModified\":\"2023-10-30T19:21:35+00:00\",\"breadcrumb\":{\"@id\":\"https:\/\/www.geyer-genealogie.fr\/index.php\/nos-services\/#breadcrumb\"},\"inLanguage\":\"fr-FR\",\"potentialAction\":[{\"@type\":\"ReadAction\",\"target\":[\"https:\/\/www.geyer-genealogie.fr\/index.php\/nos-services\/\"]}]},{\"@type\":\"BreadcrumbList\",\"@id\":\"https:\/\/www.geyer-genealogie.fr\/index.php\/nos-services\/#breadcrumb\",\"itemListElement\":[{\"@type\":\"ListItem\",\"position\":1,\"name\":\"Accueil\",\"item\":\"https:\/\/www.geyer-genealogie.fr\/\"},{\"@type\":\"ListItem\",\"position\":2,\"name\":\"Nos services\"}]},{\"@type\":\"WebSite\",\"@id\":\"https:\/\/www.geyer-genealogie.fr\/#website\",\"url\":\"https:\/\/www.geyer-genealogie.fr\/\",\"name\":\"Geyer G\u00e9n\u00e9alogie\",\"description\":\"G\u00e9n\u00e9alogie en Alsace-Lorraine et en France\",\"potentialAction\":[{\"@type\":\"SearchAction\",\"target\":{\"@type\":\"EntryPoint\",\"urlTemplate\":\"https:\/\/www.geyer-genealogie.fr\/?s={search_term_string}\"},\"query-input\":\"required name=search_term_string\"}],\"inLanguage\":\"fr-FR\"}]}<\/script>\n<!-- \/ Yoast SEO plugin. -->","yoast_head_json":{"title":"Nos services - Geyer G\u00e9n\u00e9alogie","robots":{"index":"index","follow":"follow","max-snippet":"max-snippet:-1","max-image-preview":"max-image-preview:large","max-video-preview":"max-video-preview:-1"},"canonical":"https:\/\/www.geyer-genealogie.fr\/index.php\/nos-services\/","og_locale":"fr_FR","og_type":"article","og_title":"Nos services - Geyer G\u00e9n\u00e9alogie","og_description":"Pourquoi faire appel \u00e0 un g\u00e9n\u00e9alogiste professionnel ?","og_url":"https:\/\/www.geyer-genealogie.fr\/index.php\/nos-services\/","og_site_name":"Geyer G\u00e9n\u00e9alogie","article_publisher":"https:\/\/www.facebook.com\/profile.php?id=100093335324063","article_modified_time":"2023-10-30T19:21:35+00:00","twitter_card":"summary_large_image","twitter_misc":{"Dur\u00e9e de lecture estim\u00e9e":"3 minutes"},"schema":{"@context":"https:\/\/schema.org","@graph":[{"@type":"WebPage","@id":"https:\/\/www.geyer-genealogie.fr\/index.php\/nos-services\/","url":"https:\/\/www.geyer-genealogie.fr\/index.php\/nos-services\/","name":"Nos services - Geyer G\u00e9n\u00e9alogie","isPartOf":{"@id":"https:\/\/www.geyer-genealogie.fr\/#website"},"datePublished":"2023-09-04T14:52:02+00:00","dateModified":"2023-10-30T19:21:35+00:00","breadcrumb":{"@id":"https:\/\/www.geyer-genealogie.fr\/index.php\/nos-services\/#breadcrumb"},"inLanguage":"fr-FR","potentialAction":[{"@type":"ReadAction","target":["https:\/\/www.geyer-genealogie.fr\/index.php\/nos-services\/"]}]},{"@type":"BreadcrumbList","@id":"https:\/\/www.geyer-genealogie.fr\/index.php\/nos-services\/#breadcrumb","itemListElement":[{"@type":"ListItem","position":1,"name":"Accueil","item":"https:\/\/www.geyer-genealogie.fr\/"},{"@type":"ListItem","position":2,"name":"Nos services"}]},{"@type":"WebSite","@id":"https:\/\/www.geyer-genealogie.fr\/#website","url":"https:\/\/www.geyer-genealogie.fr\/","name":"Geyer G\u00e9n\u00e9alogie","description":"G\u00e9n\u00e9alogie en Alsace-Lorraine et en France","potentialAction":[{"@type":"SearchAction","target":{"@type":"EntryPoint","urlTemplate":"https:\/\/www.geyer-genealogie.fr\/?s={search_term_string}"},"query-input":"required name=search_term_string"}],"inLanguage":"fr-FR"}]}},"_links":{"self":[{"href":"https:\/\/www.geyer-genealogie.fr\/index.php\/wp-json\/wp\/v2\/pages\/18","targetHints":{"allow":["GET"]}}],"collection":[{"href":"https:\/\/www.geyer-genealogie.fr\/index.php\/wp-json\/wp\/v2\/pages"}],"about":[{"href":"https:\/\/www.geyer-genealogie.fr\/index.php\/wp-json\/wp\/v2\/types\/page"}],"author":[{"embeddable":true,"href":"https:\/\/www.geyer-genealogie.fr\/index.php\/wp-json\/wp\/v2\/users\/1"}],"replies":[{"embeddable":true,"href":"https:\/\/www.geyer-genealogie.fr\/index.php\/wp-json\/wp\/v2\/comments?post=18"}],"version-history":[{"count":10,"href":"https:\/\/www.geyer-genealogie.fr\/index.php\/wp-json\/wp\/v2\/pages\/18\/revisions"}],"predecessor-version":[{"id":546,"href":"https:\/\/www.geyer-genealogie.fr\/index.php\/wp-json\/wp\/v2\/pages\/18\/revisions\/546"}],"wp:attachment":[{"href":"https:\/\/www.geyer-genealogie.fr\/index.php\/wp-json\/wp\/v2\/media?parent=18"}],"curies":[{"name":"wp","href":"https:\/\/api.w.org\/{rel}","templated":true}]}}