{"id":198,"date":"2023-09-25T15:43:20","date_gmt":"2023-09-25T13:43:20","guid":{"rendered":"http:\/\/www.geyer-genealogie.fr\/?page_id=198"},"modified":"2023-12-13T12:06:31","modified_gmt":"2023-12-13T11:06:31","slug":"creer-votre-arbre-genealogique","status":"publish","type":"page","link":"https:\/\/www.geyer-genealogie.fr\/index.php\/creer-votre-arbre-genealogique\/","title":{"rendered":"Cr\u00e9er votre arbre g\u00e9n\u00e9alogique"},"content":{"rendered":"\n<div class=\"wp-block-kenta-blocks-paragraph kb-paragraph kb-paragraph-ba653f5e\"><p class=\"\">Votre souhait est de conna\u00eetre vos anc\u00eatres ? Les lieux o\u00f9 ils ont v\u00e9cus ? Leur profession ? Ces informations et bien d&rsquo;autres peuvent \u00eatre obtenues par une recherche g\u00e9n\u00e9alogique, dont l&rsquo;arbre sera une repr\u00e9sentation belle et synth\u00e9tique des r\u00e9sultats. Mais il faut savoir qu&rsquo;il existe plusieurs formes d&rsquo;\u00e9tude g\u00e9n\u00e9alogique.<\/p><\/div>\n\n\n\n<h2 class=\"wp-block-heading\">G\u00e9n\u00e9alogie ascendante<\/h2>\n\n\n\n<div class=\"wp-block-kenta-blocks-paragraph kb-paragraph kb-paragraph-47126a61\"><p class=\"\"><strong>Il existe diff\u00e9rentes formes de g\u00e9n\u00e9alogie ascendante : <\/strong><\/p><\/div>\n\n\n\n<ul class=\"wp-block-list\">\n<li>Tous les anc\u00eatres sur plusieurs g\u00e9n\u00e9rations<\/li>\n\n\n\n<li>Les anc\u00eatres d&rsquo;une branche particuli\u00e8re de votre famille<\/li>\n\n\n\n<li>La ligne des porteurs d&rsquo;un nom de famille, par exemple de p\u00e8re en fils (lign\u00e9e agnatique)<\/li>\n<\/ul>\n\n\n\n<div class=\"wp-block-kenta-blocks-paragraph kb-paragraph kb-paragraph-6d31cc09\"><p class=\"\">Une g\u00e9n\u00e9alogie ascendante se repr\u00e9sente en g\u00e9n\u00e9ral par un arbre sch\u00e9matique ou graphique dans lequel la personne la plus r\u00e9cente se trouve \u00e0 la base du tronc et les anc\u00eatres les plus lointains dans les derni\u00e8res branches.<\/p><\/div>\n\n\n\n<figure class=\"wp-block-kenta-blocks-image kb-image kb-image-79f675ba\"><img decoding=\"async\" src=\"https:\/\/www.geyer-genealogie.fr\/wp-content\/uploads\/2023\/09\/exemple-genealogie-ascendante-8G-shadow.jpg\" alt=\"\"\/><\/figure>\n\n\n\n<figure class=\"wp-block-kenta-blocks-image kb-image kb-image-29182429\"><img decoding=\"async\" src=\"https:\/\/www.geyer-genealogie.fr\/wp-content\/uploads\/2023\/09\/exemple-genealogie-ascendante-graphique-7G-shadow.jpg\" alt=\"\"\/><\/figure>\n\n\n\n<h2 class=\"wp-block-heading\">G\u00e9n\u00e9alogie descendante<\/h2>\n\n\n\n<div class=\"wp-block-kenta-blocks-paragraph kb-paragraph kb-paragraph-79780489\"><p class=\"\">Une g\u00e9n\u00e9alogie descendante correspond \u00e0 la liste des enfants, des petits-enfants et des personnes de toutes les g\u00e9n\u00e9rations issues d&rsquo;une personne donn\u00e9e.<\/p><\/div>\n\n\n\n<div class=\"wp-block-kenta-blocks-paragraph kb-paragraph kb-paragraph-4601969a\"><p class=\"\">Elle est en g\u00e9n\u00e9ral illustr\u00e9e par un \u00ab\u00a0arbre renvers\u00e9\u00a0\u00bb, c&rsquo;est-\u00e0-dire dont la base est en haut du dessin et dans lequel la personne la plus ancienne se situe en haut, les descendants les plus lointains \u00e9tant dans les parties basses.<\/p><\/div>\n\n\n\n<div class=\"wp-block-media-text is-stacked-on-mobile\"><figure class=\"wp-block-media-text__media\"><img loading=\"lazy\" decoding=\"async\" width=\"1024\" height=\"655\" src=\"https:\/\/www.geyer-genealogie.fr\/wp-content\/uploads\/2023\/09\/exemple-carte-genealogique-5G-shadow-1024x655.jpg\" alt=\"\" class=\"wp-image-206 size-full\" srcset=\"https:\/\/www.geyer-genealogie.fr\/wp-content\/uploads\/2023\/09\/exemple-carte-genealogique-5G-shadow-1024x655.jpg 1024w, https:\/\/www.geyer-genealogie.fr\/wp-content\/uploads\/2023\/09\/exemple-carte-genealogique-5G-shadow-300x192.jpg 300w, https:\/\/www.geyer-genealogie.fr\/wp-content\/uploads\/2023\/09\/exemple-carte-genealogique-5G-shadow-768x492.jpg 768w, https:\/\/www.geyer-genealogie.fr\/wp-content\/uploads\/2023\/09\/exemple-carte-genealogique-5G-shadow.jpg 1292w\" sizes=\"auto, (max-width: 1024px) 100vw, 1024px\" \/><\/figure><div class=\"wp-block-media-text__content\">\n<p><\/p>\n\n\n\n<div class=\"wp-block-kenta-blocks-paragraph kb-paragraph kb-paragraph-638cddbc\"><p class=\"\">Exemple de g\u00e9n\u00e9alogie descendante sur 5 g\u00e9n\u00e9rations de la personne situ\u00e9e en haut du dessin.<\/p><\/div>\n<\/div><\/div>\n\n\n\n<div class=\"wp-block-kenta-blocks-paragraph kb-paragraph kb-paragraph-36ee1be2\"><p class=\"\"><strong><mark style=\"background-color:rgba(0, 0, 0, 0)\" class=\"has-inline-color has-kenta-primary-active-color\">Quelle que soit la g\u00e9n\u00e9alogie que vous souhaitez, \u00e9tudions ensemble la meilleure mani\u00e8re de la r\u00e9aliser. N&rsquo;h\u00e9sitez pas \u00e0 me contacter.<\/mark><\/strong><\/p><\/div>\n\n\n\n<div class=\"wp-block-buttons is-content-justification-center is-layout-flex wp-container-core-buttons-is-layout-16018d1d wp-block-buttons-is-layout-flex\"><\/div>\n\n\n\n<div class=\"wp-block-kenta-blocks-buttons kb-buttons kb-buttons-e4237b68\">\n<div class=\"kb-button-wrapper kb-button-wrapper-75e8a5a6\"><a class=\"wp-block-kenta-blocks-button kb-button kb-button-75e8a5a6 kb-button-left\" href=\"https:\/\/www.geyer-genealogie.fr\/index.php\/contact\/\"><span>Me contacter&#8230;..<\/span><\/a><\/div>\n<\/div>\n","protected":false},"excerpt":{"rendered":"<p>G\u00e9n\u00e9alogie ascendante G\u00e9n\u00e9alogie descendante<\/p>\n","protected":false},"author":1,"featured_media":0,"parent":0,"menu_order":0,"comment_status":"closed","ping_status":"closed","template":"","meta":{"site-container-style":"default","site-container-layout":"default","site-sidebar-layout":"default","site-transparent-header":"default","disable-article-header":"default","disable-site-header":"default","disable-site-footer":"default","disable-content-area-spacing":"default","footnotes":""},"class_list":["post-198","page","type-page","status-publish","hentry"],"yoast_head":"<!-- This site is optimized with the Yoast SEO plugin v22.0 - https:\/\/yoast.com\/wordpress\/plugins\/seo\/ -->\n<title>Cr\u00e9er votre arbre g\u00e9n\u00e9alogique - Geyer G\u00e9n\u00e9alogie<\/title>\n<meta name=\"robots\" content=\"index, follow, max-snippet:-1, max-image-preview:large, max-video-preview:-1\" \/>\n<link rel=\"canonical\" href=\"https:\/\/www.geyer-genealogie.fr\/index.php\/creer-votre-arbre-genealogique\/\" \/>\n<meta property=\"og:locale\" content=\"fr_FR\" \/>\n<meta property=\"og:type\" content=\"article\" \/>\n<meta property=\"og:title\" content=\"Cr\u00e9er votre arbre g\u00e9n\u00e9alogique - Geyer G\u00e9n\u00e9alogie\" \/>\n<meta property=\"og:description\" content=\"G\u00e9n\u00e9alogie ascendante G\u00e9n\u00e9alogie descendante\" \/>\n<meta property=\"og:url\" content=\"https:\/\/www.geyer-genealogie.fr\/index.php\/creer-votre-arbre-genealogique\/\" \/>\n<meta property=\"og:site_name\" content=\"Geyer G\u00e9n\u00e9alogie\" \/>\n<meta property=\"article:publisher\" content=\"https:\/\/www.facebook.com\/profile.php?id=100093335324063\" \/>\n<meta property=\"article:modified_time\" content=\"2023-12-13T11:06:31+00:00\" \/>\n<meta property=\"og:image\" content=\"https:\/\/www.geyer-genealogie.fr\/wp-content\/uploads\/2023\/09\/exemple-genealogie-ascendante-8G-shadow.jpg\" \/>\n<meta name=\"twitter:card\" content=\"summary_large_image\" \/>\n<meta name=\"twitter:label1\" content=\"Dur\u00e9e de lecture estim\u00e9e\" \/>\n\t<meta name=\"twitter:data1\" content=\"2 minutes\" \/>\n<script type=\"application\/ld+json\" class=\"yoast-schema-graph\">{\"@context\":\"https:\/\/schema.org\",\"@graph\":[{\"@type\":\"WebPage\",\"@id\":\"https:\/\/www.geyer-genealogie.fr\/index.php\/creer-votre-arbre-genealogique\/\",\"url\":\"https:\/\/www.geyer-genealogie.fr\/index.php\/creer-votre-arbre-genealogique\/\",\"name\":\"Cr\u00e9er votre arbre g\u00e9n\u00e9alogique - Geyer G\u00e9n\u00e9alogie\",\"isPartOf\":{\"@id\":\"https:\/\/www.geyer-genealogie.fr\/#website\"},\"datePublished\":\"2023-09-25T13:43:20+00:00\",\"dateModified\":\"2023-12-13T11:06:31+00:00\",\"breadcrumb\":{\"@id\":\"https:\/\/www.geyer-genealogie.fr\/index.php\/creer-votre-arbre-genealogique\/#breadcrumb\"},\"inLanguage\":\"fr-FR\",\"potentialAction\":[{\"@type\":\"ReadAction\",\"target\":[\"https:\/\/www.geyer-genealogie.fr\/index.php\/creer-votre-arbre-genealogique\/\"]}]},{\"@type\":\"BreadcrumbList\",\"@id\":\"https:\/\/www.geyer-genealogie.fr\/index.php\/creer-votre-arbre-genealogique\/#breadcrumb\",\"itemListElement\":[{\"@type\":\"ListItem\",\"position\":1,\"name\":\"Accueil\",\"item\":\"https:\/\/www.geyer-genealogie.fr\/\"},{\"@type\":\"ListItem\",\"position\":2,\"name\":\"Cr\u00e9er votre arbre g\u00e9n\u00e9alogique\"}]},{\"@type\":\"WebSite\",\"@id\":\"https:\/\/www.geyer-genealogie.fr\/#website\",\"url\":\"https:\/\/www.geyer-genealogie.fr\/\",\"name\":\"Geyer G\u00e9n\u00e9alogie\",\"description\":\"G\u00e9n\u00e9alogie en Alsace-Lorraine et en France\",\"potentialAction\":[{\"@type\":\"SearchAction\",\"target\":{\"@type\":\"EntryPoint\",\"urlTemplate\":\"https:\/\/www.geyer-genealogie.fr\/?s={search_term_string}\"},\"query-input\":\"required name=search_term_string\"}],\"inLanguage\":\"fr-FR\"}]}<\/script>\n<!-- \/ Yoast SEO plugin. -->","yoast_head_json":{"title":"Cr\u00e9er votre arbre g\u00e9n\u00e9alogique - Geyer G\u00e9n\u00e9alogie","robots":{"index":"index","follow":"follow","max-snippet":"max-snippet:-1","max-image-preview":"max-image-preview:large","max-video-preview":"max-video-preview:-1"},"canonical":"https:\/\/www.geyer-genealogie.fr\/index.php\/creer-votre-arbre-genealogique\/","og_locale":"fr_FR","og_type":"article","og_title":"Cr\u00e9er votre arbre g\u00e9n\u00e9alogique - Geyer G\u00e9n\u00e9alogie","og_description":"G\u00e9n\u00e9alogie ascendante G\u00e9n\u00e9alogie descendante","og_url":"https:\/\/www.geyer-genealogie.fr\/index.php\/creer-votre-arbre-genealogique\/","og_site_name":"Geyer G\u00e9n\u00e9alogie","article_publisher":"https:\/\/www.facebook.com\/profile.php?id=100093335324063","article_modified_time":"2023-12-13T11:06:31+00:00","og_image":[{"url":"https:\/\/www.geyer-genealogie.fr\/wp-content\/uploads\/2023\/09\/exemple-genealogie-ascendante-8G-shadow.jpg"}],"twitter_card":"summary_large_image","twitter_misc":{"Dur\u00e9e de lecture estim\u00e9e":"2 minutes"},"schema":{"@context":"https:\/\/schema.org","@graph":[{"@type":"WebPage","@id":"https:\/\/www.geyer-genealogie.fr\/index.php\/creer-votre-arbre-genealogique\/","url":"https:\/\/www.geyer-genealogie.fr\/index.php\/creer-votre-arbre-genealogique\/","name":"Cr\u00e9er votre arbre g\u00e9n\u00e9alogique - Geyer G\u00e9n\u00e9alogie","isPartOf":{"@id":"https:\/\/www.geyer-genealogie.fr\/#website"},"datePublished":"2023-09-25T13:43:20+00:00","dateModified":"2023-12-13T11:06:31+00:00","breadcrumb":{"@id":"https:\/\/www.geyer-genealogie.fr\/index.php\/creer-votre-arbre-genealogique\/#breadcrumb"},"inLanguage":"fr-FR","potentialAction":[{"@type":"ReadAction","target":["https:\/\/www.geyer-genealogie.fr\/index.php\/creer-votre-arbre-genealogique\/"]}]},{"@type":"BreadcrumbList","@id":"https:\/\/www.geyer-genealogie.fr\/index.php\/creer-votre-arbre-genealogique\/#breadcrumb","itemListElement":[{"@type":"ListItem","position":1,"name":"Accueil","item":"https:\/\/www.geyer-genealogie.fr\/"},{"@type":"ListItem","position":2,"name":"Cr\u00e9er votre arbre g\u00e9n\u00e9alogique"}]},{"@type":"WebSite","@id":"https:\/\/www.geyer-genealogie.fr\/#website","url":"https:\/\/www.geyer-genealogie.fr\/","name":"Geyer G\u00e9n\u00e9alogie","description":"G\u00e9n\u00e9alogie en Alsace-Lorraine et en France","potentialAction":[{"@type":"SearchAction","target":{"@type":"EntryPoint","urlTemplate":"https:\/\/www.geyer-genealogie.fr\/?s={search_term_string}"},"query-input":"required name=search_term_string"}],"inLanguage":"fr-FR"}]}},"_links":{"self":[{"href":"https:\/\/www.geyer-genealogie.fr\/index.php\/wp-json\/wp\/v2\/pages\/198","targetHints":{"allow":["GET"]}}],"collection":[{"href":"https:\/\/www.geyer-genealogie.fr\/index.php\/wp-json\/wp\/v2\/pages"}],"about":[{"href":"https:\/\/www.geyer-genealogie.fr\/index.php\/wp-json\/wp\/v2\/types\/page"}],"author":[{"embeddable":true,"href":"https:\/\/www.geyer-genealogie.fr\/index.php\/wp-json\/wp\/v2\/users\/1"}],"replies":[{"embeddable":true,"href":"https:\/\/www.geyer-genealogie.fr\/index.php\/wp-json\/wp\/v2\/comments?post=198"}],"version-history":[{"count":28,"href":"https:\/\/www.geyer-genealogie.fr\/index.php\/wp-json\/wp\/v2\/pages\/198\/revisions"}],"predecessor-version":[{"id":580,"href":"https:\/\/www.geyer-genealogie.fr\/index.php\/wp-json\/wp\/v2\/pages\/198\/revisions\/580"}],"wp:attachment":[{"href":"https:\/\/www.geyer-genealogie.fr\/index.php\/wp-json\/wp\/v2\/media?parent=198"}],"curies":[{"name":"wp","href":"https:\/\/api.w.org\/{rel}","templated":true}]}}