{"id":216,"date":"2023-09-25T17:27:46","date_gmt":"2023-09-25T15:27:46","guid":{"rendered":"http:\/\/www.geyer-genealogie.fr\/?page_id=216"},"modified":"2023-10-10T10:42:17","modified_gmt":"2023-10-10T08:42:17","slug":"rediger-lhistoire-dun-ancetre-ou-dune-famille","status":"publish","type":"page","link":"https:\/\/www.geyer-genealogie.fr\/index.php\/rediger-lhistoire-dun-ancetre-ou-dune-famille\/","title":{"rendered":"R\u00e9diger l\u2019histoire d\u2019un anc\u00eatre ou d\u2019une famille"},"content":{"rendered":"\n<p>Un anc\u00eatre, ce n&rsquo;est pas seulement les dates et lieux des grands \u00e9v\u00e8nements de sa vie (naissance, mariage, d\u00e9c\u00e8s, etc.). C&rsquo;est aussi une histoire parsem\u00e9e de moments heureux (achat d&rsquo;une maison, naissance ou mariage d&rsquo;un enfant, etc.) tout comme des grandes et petites \u00e9preuves (guerre, canicule, maladie, etc.) voire d&rsquo;aventures exaltantes comme une \u00e9migration.<\/p>\n\n\n\n<p>Une famille a \u00e9galement une histoire, celle des personnes qui la composent mais \u00e9galement des lieux habit\u00e9s, des professions exerc\u00e9es, des communaut\u00e9s fr\u00e9quent\u00e9es&#8230;<\/p>\n\n\n\n<p>L&rsquo;histoire d&rsquo;une personne, appel\u00e9e biographie, et l&rsquo;histoire familiale, \u00e9galement nomm\u00e9e monographie, peuvent \u00eatre r\u00e9dig\u00e9s pour donner vie \u00e0 vos anc\u00eatres et les rendre ainsi plus r\u00e9alistes. Vous pourrez partager en famille ce r\u00e9cit qui peut \u00eatre illustr\u00e9 avec des photos, des cartes anciennes et cr\u00e9\u00e9es, des extraits d&rsquo;actes ou tout autre document d\u00e9couvert ou que vous poss\u00e9dez.<\/p>\n\n\n\n<p><strong>Chaque histoire et famille est diff\u00e9rente, c&rsquo;est pourquoi je vous invite \u00e0 me contacter pour d\u00e9finir ensemble votre projet.<\/strong><\/p>\n\n\n\n<div class=\"wp-block-kenta-blocks-buttons kb-buttons kb-buttons-b43da7bc\">\n<div class=\"kb-button-wrapper kb-button-wrapper-8fb91672\"><a class=\"wp-block-kenta-blocks-button kb-button kb-button-8fb91672 kb-button-left\" href=\"https:\/\/www.geyer-genealogie.fr\/index.php\/contact\/\"><span>Me contacter<\/span><\/a><\/div>\n<\/div>\n","protected":false},"excerpt":{"rendered":"<p>Un anc\u00eatre, ce n&rsquo;est pas seulement les dates et lieux des grands \u00e9v\u00e8nements de sa vie (naissance, mariage, d\u00e9c\u00e8s, etc.). C&rsquo;est aussi une histoire parsem\u00e9e de moments heureux (achat d&rsquo;une maison, naissance ou mariage d&rsquo;un enfant, etc.) tout comme des grandes et petites \u00e9preuves (guerre, canicule, maladie, etc.) voire d&rsquo;aventures exaltantes comme une \u00e9migration. Une [&hellip;]<\/p>\n","protected":false},"author":1,"featured_media":0,"parent":0,"menu_order":0,"comment_status":"closed","ping_status":"closed","template":"","meta":{"site-container-style":"default","site-container-layout":"default","site-sidebar-layout":"default","site-transparent-header":"default","disable-article-header":"default","disable-site-header":"default","disable-site-footer":"default","disable-content-area-spacing":"default","footnotes":""},"class_list":["post-216","page","type-page","status-publish","hentry"],"yoast_head":"<!-- This site is optimized with the Yoast SEO plugin v22.0 - https:\/\/yoast.com\/wordpress\/plugins\/seo\/ -->\n<title>R\u00e9diger l\u2019histoire d\u2019un anc\u00eatre ou d\u2019une famille - Geyer G\u00e9n\u00e9alogie<\/title>\n<meta name=\"robots\" content=\"index, follow, max-snippet:-1, max-image-preview:large, max-video-preview:-1\" \/>\n<link rel=\"canonical\" href=\"https:\/\/www.geyer-genealogie.fr\/index.php\/rediger-lhistoire-dun-ancetre-ou-dune-famille\/\" \/>\n<meta property=\"og:locale\" content=\"fr_FR\" \/>\n<meta property=\"og:type\" content=\"article\" \/>\n<meta property=\"og:title\" content=\"R\u00e9diger l\u2019histoire d\u2019un anc\u00eatre ou d\u2019une famille - Geyer G\u00e9n\u00e9alogie\" \/>\n<meta property=\"og:description\" content=\"Un anc\u00eatre, ce n&rsquo;est pas seulement les dates et lieux des grands \u00e9v\u00e8nements de sa vie (naissance, mariage, d\u00e9c\u00e8s, etc.). C&rsquo;est aussi une histoire parsem\u00e9e de moments heureux (achat d&rsquo;une maison, naissance ou mariage d&rsquo;un enfant, etc.) tout comme des grandes et petites \u00e9preuves (guerre, canicule, maladie, etc.) voire d&rsquo;aventures exaltantes comme une \u00e9migration. Une [&hellip;]\" \/>\n<meta property=\"og:url\" content=\"https:\/\/www.geyer-genealogie.fr\/index.php\/rediger-lhistoire-dun-ancetre-ou-dune-famille\/\" \/>\n<meta property=\"og:site_name\" content=\"Geyer G\u00e9n\u00e9alogie\" \/>\n<meta property=\"article:publisher\" content=\"https:\/\/www.facebook.com\/profile.php?id=100093335324063\" \/>\n<meta property=\"article:modified_time\" content=\"2023-10-10T08:42:17+00:00\" \/>\n<meta name=\"twitter:card\" content=\"summary_large_image\" \/>\n<meta name=\"twitter:label1\" content=\"Dur\u00e9e de lecture estim\u00e9e\" \/>\n\t<meta name=\"twitter:data1\" content=\"1 minute\" \/>\n<script type=\"application\/ld+json\" class=\"yoast-schema-graph\">{\"@context\":\"https:\/\/schema.org\",\"@graph\":[{\"@type\":\"WebPage\",\"@id\":\"https:\/\/www.geyer-genealogie.fr\/index.php\/rediger-lhistoire-dun-ancetre-ou-dune-famille\/\",\"url\":\"https:\/\/www.geyer-genealogie.fr\/index.php\/rediger-lhistoire-dun-ancetre-ou-dune-famille\/\",\"name\":\"R\u00e9diger l\u2019histoire d\u2019un anc\u00eatre ou d\u2019une famille - Geyer G\u00e9n\u00e9alogie\",\"isPartOf\":{\"@id\":\"https:\/\/www.geyer-genealogie.fr\/#website\"},\"datePublished\":\"2023-09-25T15:27:46+00:00\",\"dateModified\":\"2023-10-10T08:42:17+00:00\",\"breadcrumb\":{\"@id\":\"https:\/\/www.geyer-genealogie.fr\/index.php\/rediger-lhistoire-dun-ancetre-ou-dune-famille\/#breadcrumb\"},\"inLanguage\":\"fr-FR\",\"potentialAction\":[{\"@type\":\"ReadAction\",\"target\":[\"https:\/\/www.geyer-genealogie.fr\/index.php\/rediger-lhistoire-dun-ancetre-ou-dune-famille\/\"]}]},{\"@type\":\"BreadcrumbList\",\"@id\":\"https:\/\/www.geyer-genealogie.fr\/index.php\/rediger-lhistoire-dun-ancetre-ou-dune-famille\/#breadcrumb\",\"itemListElement\":[{\"@type\":\"ListItem\",\"position\":1,\"name\":\"Accueil\",\"item\":\"https:\/\/www.geyer-genealogie.fr\/\"},{\"@type\":\"ListItem\",\"position\":2,\"name\":\"R\u00e9diger l\u2019histoire d\u2019un anc\u00eatre ou d\u2019une famille\"}]},{\"@type\":\"WebSite\",\"@id\":\"https:\/\/www.geyer-genealogie.fr\/#website\",\"url\":\"https:\/\/www.geyer-genealogie.fr\/\",\"name\":\"Geyer G\u00e9n\u00e9alogie\",\"description\":\"G\u00e9n\u00e9alogie en Alsace-Lorraine et en France\",\"potentialAction\":[{\"@type\":\"SearchAction\",\"target\":{\"@type\":\"EntryPoint\",\"urlTemplate\":\"https:\/\/www.geyer-genealogie.fr\/?s={search_term_string}\"},\"query-input\":\"required name=search_term_string\"}],\"inLanguage\":\"fr-FR\"}]}<\/script>\n<!-- \/ Yoast SEO plugin. -->","yoast_head_json":{"title":"R\u00e9diger l\u2019histoire d\u2019un anc\u00eatre ou d\u2019une famille - Geyer G\u00e9n\u00e9alogie","robots":{"index":"index","follow":"follow","max-snippet":"max-snippet:-1","max-image-preview":"max-image-preview:large","max-video-preview":"max-video-preview:-1"},"canonical":"https:\/\/www.geyer-genealogie.fr\/index.php\/rediger-lhistoire-dun-ancetre-ou-dune-famille\/","og_locale":"fr_FR","og_type":"article","og_title":"R\u00e9diger l\u2019histoire d\u2019un anc\u00eatre ou d\u2019une famille - Geyer G\u00e9n\u00e9alogie","og_description":"Un anc\u00eatre, ce n&rsquo;est pas seulement les dates et lieux des grands \u00e9v\u00e8nements de sa vie (naissance, mariage, d\u00e9c\u00e8s, etc.). C&rsquo;est aussi une histoire parsem\u00e9e de moments heureux (achat d&rsquo;une maison, naissance ou mariage d&rsquo;un enfant, etc.) tout comme des grandes et petites \u00e9preuves (guerre, canicule, maladie, etc.) voire d&rsquo;aventures exaltantes comme une \u00e9migration. Une [&hellip;]","og_url":"https:\/\/www.geyer-genealogie.fr\/index.php\/rediger-lhistoire-dun-ancetre-ou-dune-famille\/","og_site_name":"Geyer G\u00e9n\u00e9alogie","article_publisher":"https:\/\/www.facebook.com\/profile.php?id=100093335324063","article_modified_time":"2023-10-10T08:42:17+00:00","twitter_card":"summary_large_image","twitter_misc":{"Dur\u00e9e de lecture estim\u00e9e":"1 minute"},"schema":{"@context":"https:\/\/schema.org","@graph":[{"@type":"WebPage","@id":"https:\/\/www.geyer-genealogie.fr\/index.php\/rediger-lhistoire-dun-ancetre-ou-dune-famille\/","url":"https:\/\/www.geyer-genealogie.fr\/index.php\/rediger-lhistoire-dun-ancetre-ou-dune-famille\/","name":"R\u00e9diger l\u2019histoire d\u2019un anc\u00eatre ou d\u2019une famille - Geyer G\u00e9n\u00e9alogie","isPartOf":{"@id":"https:\/\/www.geyer-genealogie.fr\/#website"},"datePublished":"2023-09-25T15:27:46+00:00","dateModified":"2023-10-10T08:42:17+00:00","breadcrumb":{"@id":"https:\/\/www.geyer-genealogie.fr\/index.php\/rediger-lhistoire-dun-ancetre-ou-dune-famille\/#breadcrumb"},"inLanguage":"fr-FR","potentialAction":[{"@type":"ReadAction","target":["https:\/\/www.geyer-genealogie.fr\/index.php\/rediger-lhistoire-dun-ancetre-ou-dune-famille\/"]}]},{"@type":"BreadcrumbList","@id":"https:\/\/www.geyer-genealogie.fr\/index.php\/rediger-lhistoire-dun-ancetre-ou-dune-famille\/#breadcrumb","itemListElement":[{"@type":"ListItem","position":1,"name":"Accueil","item":"https:\/\/www.geyer-genealogie.fr\/"},{"@type":"ListItem","position":2,"name":"R\u00e9diger l\u2019histoire d\u2019un anc\u00eatre ou d\u2019une famille"}]},{"@type":"WebSite","@id":"https:\/\/www.geyer-genealogie.fr\/#website","url":"https:\/\/www.geyer-genealogie.fr\/","name":"Geyer G\u00e9n\u00e9alogie","description":"G\u00e9n\u00e9alogie en Alsace-Lorraine et en France","potentialAction":[{"@type":"SearchAction","target":{"@type":"EntryPoint","urlTemplate":"https:\/\/www.geyer-genealogie.fr\/?s={search_term_string}"},"query-input":"required name=search_term_string"}],"inLanguage":"fr-FR"}]}},"_links":{"self":[{"href":"https:\/\/www.geyer-genealogie.fr\/index.php\/wp-json\/wp\/v2\/pages\/216","targetHints":{"allow":["GET"]}}],"collection":[{"href":"https:\/\/www.geyer-genealogie.fr\/index.php\/wp-json\/wp\/v2\/pages"}],"about":[{"href":"https:\/\/www.geyer-genealogie.fr\/index.php\/wp-json\/wp\/v2\/types\/page"}],"author":[{"embeddable":true,"href":"https:\/\/www.geyer-genealogie.fr\/index.php\/wp-json\/wp\/v2\/users\/1"}],"replies":[{"embeddable":true,"href":"https:\/\/www.geyer-genealogie.fr\/index.php\/wp-json\/wp\/v2\/comments?post=216"}],"version-history":[{"count":5,"href":"https:\/\/www.geyer-genealogie.fr\/index.php\/wp-json\/wp\/v2\/pages\/216\/revisions"}],"predecessor-version":[{"id":527,"href":"https:\/\/www.geyer-genealogie.fr\/index.php\/wp-json\/wp\/v2\/pages\/216\/revisions\/527"}],"wp:attachment":[{"href":"https:\/\/www.geyer-genealogie.fr\/index.php\/wp-json\/wp\/v2\/media?parent=216"}],"curies":[{"name":"wp","href":"https:\/\/api.w.org\/{rel}","templated":true}]}}