{"id":222,"date":"2023-09-29T17:46:37","date_gmt":"2023-09-29T15:46:37","guid":{"rendered":"http:\/\/www.geyer-genealogie.fr\/?page_id=222"},"modified":"2023-12-13T12:08:54","modified_gmt":"2023-12-13T11:08:54","slug":"ecrire-lhistoire-dune-maison-dune-ferme-dun-monument","status":"publish","type":"page","link":"https:\/\/www.geyer-genealogie.fr\/index.php\/ecrire-lhistoire-dune-maison-dune-ferme-dun-monument\/","title":{"rendered":"\u00c9crire l\u2019histoire d\u2019une maison, d&rsquo;une ferme, d&rsquo;un monument"},"content":{"rendered":"\n<div class=\"wp-block-kenta-blocks-slides kb-slides-b06fe13c kb-slides\"><button class=\"kb-slides-prev-arrow kb-slides-arrow\" id=\"kb-slides-prev-b06fe13c\"><i class=\"fas fa-chevron-left\"><\/i><\/button><div class=\"kb-slides-inner-container\">\n<div class=\"wp-block-kenta-blocks-slide-item kb-slide-item-aa3c66fa kb-slide-item\"><div class=\"kb-slide-item-inner-container\">\n<figure class=\"wp-block-kenta-blocks-image kb-image kb-image-5e9f9b36\"><img decoding=\"async\" src=\"https:\/\/www.geyer-genealogie.fr\/wp-content\/uploads\/2023\/09\/exemple-maison-histoire-1.jpg\" alt=\"\"\/><\/figure>\n<\/div><\/div>\n\n\n\n<div class=\"wp-block-kenta-blocks-slide-item kb-slide-item-9954a36a kb-slide-item\"><div class=\"kb-slide-item-inner-container\">\n<figure class=\"wp-block-kenta-blocks-image kb-image kb-image-851e9d46\"><img decoding=\"async\" src=\"https:\/\/www.geyer-genealogie.fr\/wp-content\/uploads\/2023\/09\/exemple-cadastre-annote-1024x576.png\" alt=\"\"\/><\/figure>\n<\/div><\/div>\n\n\n\n<div class=\"wp-block-kenta-blocks-slide-item kb-slide-item-1d27a3a1 kb-slide-item\"><div class=\"kb-slide-item-inner-container\">\n<figure class=\"wp-block-kenta-blocks-image kb-image kb-image-9c837a9f\"><img decoding=\"async\" src=\"https:\/\/www.geyer-genealogie.fr\/wp-content\/uploads\/2023\/09\/exemple-plan-maison-shadow.png\" alt=\"\"\/><\/figure>\n<\/div><\/div>\n\n\n\n<div class=\"wp-block-kenta-blocks-slide-item kb-slide-item-4159abc1 kb-slide-item\"><div class=\"kb-slide-item-inner-container\">\n<figure class=\"wp-block-kenta-blocks-image kb-image kb-image-d8908cad\"><img decoding=\"async\" src=\"https:\/\/www.geyer-genealogie.fr\/wp-content\/uploads\/2023\/09\/exemple-maison-acte-notarial-scaled.jpg\" alt=\"\"\/><\/figure>\n<\/div><\/div>\n<\/div><button class=\"kb-slides-next-arrow kb-slides-arrow\" id=\"kb-slides-next-b06fe13c\"><i class=\"fas fa-chevron-right\"><\/i><\/button><div class=\"kb-slides-dots\"><\/div><\/div>\n\n\n\n<div class=\"wp-block-kenta-blocks-section kb-section-c20a4eae kb-section\">\n<div class=\"wp-block-kenta-blocks-column kb-column-wrapper kb-column-wrapper-5e8b8a1b\"><div class=\"kb-column kb-column-5e8b8a1b\"><div class=\"kb-column-content\">\n<div class=\"wp-block-kenta-blocks-paragraph kb-paragraph kb-paragraph-baa25082\"><p class=\"\">Une maison, une exploitation familiale, un monument, en un mot un b\u00e2timent, a \u00e9galement une histoire. En effet il a \u00e9t\u00e9 construit, parfois agrandi ou transform\u00e9, voire reconstruit ou dans certains cas d\u00e9truit. Son usage a pu \u00eatre modifi\u00e9 et il a certainement chang\u00e9 de propri\u00e9taires plusieurs fois, \u00e0 l&rsquo;occasion d&rsquo;une vente, d&rsquo;un d\u00e9c\u00e8s ou d&rsquo;un don.<\/p><\/div>\n\n\n\n<div class=\"wp-block-kenta-blocks-paragraph kb-paragraph kb-paragraph-ef40e2d4\"><p class=\"\">Cette histoire peut \u00eatre \u00e9tablie par l&rsquo;exploitation de nombreuses archives, dont les cadastres ancien et moderne, les actes notariaux, les documents fiscaux (hypoth\u00e8ques et enregistrement des actes notari\u00e9s), les recensements. <\/p><\/div>\n<\/div><\/div><\/div>\n\n\n\n<div class=\"wp-block-kenta-blocks-column kb-column-wrapper kb-column-wrapper-3d58758f\"><div class=\"kb-column kb-column-3d58758f\"><div class=\"kb-column-content\">\n<div class=\"wp-block-kenta-blocks-paragraph kb-paragraph kb-paragraph-df1443e3\"><p class=\"\">Cette histoire est intimement li\u00e9e \u00e0 celle de ses propri\u00e9taires, c&rsquo;est pourquoi leur vie vient s&rsquo;ins\u00e9rer dans cette chronique. <\/p><\/div>\n\n\n\n<div class=\"wp-block-kenta-blocks-paragraph kb-paragraph kb-paragraph-c24accbe\"><p class=\"\">Des photos, des plans du\/des b\u00e2timents et du cadastre,  des sch\u00e9mas \u00e9clairent le texte.<\/p><\/div>\n\n\n\n<div class=\"wp-block-kenta-blocks-paragraph kb-paragraph kb-paragraph-9632d62a\"><p class=\"\">Toutes les informations r\u00e9colt\u00e9es forment la mati\u00e8re utilis\u00e9e pour r\u00e9diger le r\u00e9cit de ce b\u00e2timent qui peut \u00eatre imprim\u00e9 et reli\u00e9 pour obtenir un livre. <br><\/p><\/div>\n<\/div><\/div><\/div>\n\n\n\n<div class=\"wp-block-kenta-blocks-column kb-column-wrapper kb-column-wrapper-04ee4010\"><div class=\"kb-column kb-column-04ee4010\"><div class=\"kb-column-content\"><\/div><\/div><\/div>\n<\/div>\n\n\n\n<div class=\"wp-block-kenta-blocks-paragraph kb-paragraph kb-paragraph-020d1118\"><p class=\"\"><mark style=\"background-color:rgba(0, 0, 0, 0)\" class=\"has-inline-color has-kenta-primary-active-color\"><strong>Pour tout renseignement n\u2019h\u00e9sitez pas \u00e0 me contacter, j\u2019\u00e9tudierai avec vous vos besoins et votre objectif.<\/strong><\/mark><\/p><\/div>\n\n\n\n<div class=\"wp-block-kenta-blocks-buttons kb-buttons kb-buttons-d65d9874\">\n<div class=\"kb-button-wrapper kb-button-wrapper-db6add50\"><a class=\"wp-block-kenta-blocks-button kb-button kb-button-db6add50 kb-button-left\" href=\"https:\/\/www.geyer-genealogie.fr\/index.php\/contact\/\"><span>Me contacter<\/span><\/a><\/div>\n<\/div>\n\n\n\n<div class=\"wp-block-kenta-blocks-buttons kb-buttons kb-buttons-8fe3b449\"><\/div>\n","protected":false},"excerpt":{"rendered":"","protected":false},"author":1,"featured_media":0,"parent":0,"menu_order":0,"comment_status":"closed","ping_status":"closed","template":"","meta":{"site-container-style":"default","site-container-layout":"default","site-sidebar-layout":"default","site-transparent-header":"default","disable-article-header":"default","disable-site-header":"no","disable-site-footer":"no","disable-content-area-spacing":"default","footnotes":""},"class_list":["post-222","page","type-page","status-publish","hentry"],"yoast_head":"<!-- This site is optimized with the Yoast SEO plugin v22.0 - https:\/\/yoast.com\/wordpress\/plugins\/seo\/ -->\n<title>\u00c9crire l\u2019histoire d\u2019une maison, d&#039;une ferme, d&#039;un monument - Geyer G\u00e9n\u00e9alogie<\/title>\n<meta name=\"robots\" content=\"index, follow, max-snippet:-1, max-image-preview:large, max-video-preview:-1\" \/>\n<link rel=\"canonical\" href=\"https:\/\/www.geyer-genealogie.fr\/index.php\/ecrire-lhistoire-dune-maison-dune-ferme-dun-monument\/\" \/>\n<meta property=\"og:locale\" content=\"fr_FR\" \/>\n<meta property=\"og:type\" content=\"article\" \/>\n<meta property=\"og:title\" content=\"\u00c9crire l\u2019histoire d\u2019une maison, d&#039;une ferme, d&#039;un monument - Geyer G\u00e9n\u00e9alogie\" \/>\n<meta property=\"og:url\" content=\"https:\/\/www.geyer-genealogie.fr\/index.php\/ecrire-lhistoire-dune-maison-dune-ferme-dun-monument\/\" \/>\n<meta property=\"og:site_name\" content=\"Geyer G\u00e9n\u00e9alogie\" \/>\n<meta property=\"article:publisher\" content=\"https:\/\/www.facebook.com\/profile.php?id=100093335324063\" \/>\n<meta property=\"article:modified_time\" content=\"2023-12-13T11:08:54+00:00\" \/>\n<meta property=\"og:image\" content=\"https:\/\/www.geyer-genealogie.fr\/wp-content\/uploads\/2023\/09\/exemple-maison-histoire-1.jpg\" \/>\n<meta name=\"twitter:card\" content=\"summary_large_image\" \/>\n<meta name=\"twitter:label1\" content=\"Dur\u00e9e de lecture estim\u00e9e\" \/>\n\t<meta name=\"twitter:data1\" content=\"2 minutes\" \/>\n<script type=\"application\/ld+json\" class=\"yoast-schema-graph\">{\"@context\":\"https:\/\/schema.org\",\"@graph\":[{\"@type\":\"WebPage\",\"@id\":\"https:\/\/www.geyer-genealogie.fr\/index.php\/ecrire-lhistoire-dune-maison-dune-ferme-dun-monument\/\",\"url\":\"https:\/\/www.geyer-genealogie.fr\/index.php\/ecrire-lhistoire-dune-maison-dune-ferme-dun-monument\/\",\"name\":\"\u00c9crire l\u2019histoire d\u2019une maison, d'une ferme, d'un monument - Geyer G\u00e9n\u00e9alogie\",\"isPartOf\":{\"@id\":\"https:\/\/www.geyer-genealogie.fr\/#website\"},\"datePublished\":\"2023-09-29T15:46:37+00:00\",\"dateModified\":\"2023-12-13T11:08:54+00:00\",\"breadcrumb\":{\"@id\":\"https:\/\/www.geyer-genealogie.fr\/index.php\/ecrire-lhistoire-dune-maison-dune-ferme-dun-monument\/#breadcrumb\"},\"inLanguage\":\"fr-FR\",\"potentialAction\":[{\"@type\":\"ReadAction\",\"target\":[\"https:\/\/www.geyer-genealogie.fr\/index.php\/ecrire-lhistoire-dune-maison-dune-ferme-dun-monument\/\"]}]},{\"@type\":\"BreadcrumbList\",\"@id\":\"https:\/\/www.geyer-genealogie.fr\/index.php\/ecrire-lhistoire-dune-maison-dune-ferme-dun-monument\/#breadcrumb\",\"itemListElement\":[{\"@type\":\"ListItem\",\"position\":1,\"name\":\"Accueil\",\"item\":\"https:\/\/www.geyer-genealogie.fr\/\"},{\"@type\":\"ListItem\",\"position\":2,\"name\":\"\u00c9crire l\u2019histoire d\u2019une maison, d&rsquo;une ferme, d&rsquo;un monument\"}]},{\"@type\":\"WebSite\",\"@id\":\"https:\/\/www.geyer-genealogie.fr\/#website\",\"url\":\"https:\/\/www.geyer-genealogie.fr\/\",\"name\":\"Geyer G\u00e9n\u00e9alogie\",\"description\":\"G\u00e9n\u00e9alogie en Alsace-Lorraine et en France\",\"potentialAction\":[{\"@type\":\"SearchAction\",\"target\":{\"@type\":\"EntryPoint\",\"urlTemplate\":\"https:\/\/www.geyer-genealogie.fr\/?s={search_term_string}\"},\"query-input\":\"required name=search_term_string\"}],\"inLanguage\":\"fr-FR\"}]}<\/script>\n<!-- \/ Yoast SEO plugin. -->","yoast_head_json":{"title":"\u00c9crire l\u2019histoire d\u2019une maison, d'une ferme, d'un monument - Geyer G\u00e9n\u00e9alogie","robots":{"index":"index","follow":"follow","max-snippet":"max-snippet:-1","max-image-preview":"max-image-preview:large","max-video-preview":"max-video-preview:-1"},"canonical":"https:\/\/www.geyer-genealogie.fr\/index.php\/ecrire-lhistoire-dune-maison-dune-ferme-dun-monument\/","og_locale":"fr_FR","og_type":"article","og_title":"\u00c9crire l\u2019histoire d\u2019une maison, d'une ferme, d'un monument - Geyer G\u00e9n\u00e9alogie","og_url":"https:\/\/www.geyer-genealogie.fr\/index.php\/ecrire-lhistoire-dune-maison-dune-ferme-dun-monument\/","og_site_name":"Geyer G\u00e9n\u00e9alogie","article_publisher":"https:\/\/www.facebook.com\/profile.php?id=100093335324063","article_modified_time":"2023-12-13T11:08:54+00:00","og_image":[{"url":"https:\/\/www.geyer-genealogie.fr\/wp-content\/uploads\/2023\/09\/exemple-maison-histoire-1.jpg"}],"twitter_card":"summary_large_image","twitter_misc":{"Dur\u00e9e de lecture estim\u00e9e":"2 minutes"},"schema":{"@context":"https:\/\/schema.org","@graph":[{"@type":"WebPage","@id":"https:\/\/www.geyer-genealogie.fr\/index.php\/ecrire-lhistoire-dune-maison-dune-ferme-dun-monument\/","url":"https:\/\/www.geyer-genealogie.fr\/index.php\/ecrire-lhistoire-dune-maison-dune-ferme-dun-monument\/","name":"\u00c9crire l\u2019histoire d\u2019une maison, d'une ferme, d'un monument - Geyer G\u00e9n\u00e9alogie","isPartOf":{"@id":"https:\/\/www.geyer-genealogie.fr\/#website"},"datePublished":"2023-09-29T15:46:37+00:00","dateModified":"2023-12-13T11:08:54+00:00","breadcrumb":{"@id":"https:\/\/www.geyer-genealogie.fr\/index.php\/ecrire-lhistoire-dune-maison-dune-ferme-dun-monument\/#breadcrumb"},"inLanguage":"fr-FR","potentialAction":[{"@type":"ReadAction","target":["https:\/\/www.geyer-genealogie.fr\/index.php\/ecrire-lhistoire-dune-maison-dune-ferme-dun-monument\/"]}]},{"@type":"BreadcrumbList","@id":"https:\/\/www.geyer-genealogie.fr\/index.php\/ecrire-lhistoire-dune-maison-dune-ferme-dun-monument\/#breadcrumb","itemListElement":[{"@type":"ListItem","position":1,"name":"Accueil","item":"https:\/\/www.geyer-genealogie.fr\/"},{"@type":"ListItem","position":2,"name":"\u00c9crire l\u2019histoire d\u2019une maison, d&rsquo;une ferme, d&rsquo;un monument"}]},{"@type":"WebSite","@id":"https:\/\/www.geyer-genealogie.fr\/#website","url":"https:\/\/www.geyer-genealogie.fr\/","name":"Geyer G\u00e9n\u00e9alogie","description":"G\u00e9n\u00e9alogie en Alsace-Lorraine et en France","potentialAction":[{"@type":"SearchAction","target":{"@type":"EntryPoint","urlTemplate":"https:\/\/www.geyer-genealogie.fr\/?s={search_term_string}"},"query-input":"required name=search_term_string"}],"inLanguage":"fr-FR"}]}},"_links":{"self":[{"href":"https:\/\/www.geyer-genealogie.fr\/index.php\/wp-json\/wp\/v2\/pages\/222","targetHints":{"allow":["GET"]}}],"collection":[{"href":"https:\/\/www.geyer-genealogie.fr\/index.php\/wp-json\/wp\/v2\/pages"}],"about":[{"href":"https:\/\/www.geyer-genealogie.fr\/index.php\/wp-json\/wp\/v2\/types\/page"}],"author":[{"embeddable":true,"href":"https:\/\/www.geyer-genealogie.fr\/index.php\/wp-json\/wp\/v2\/users\/1"}],"replies":[{"embeddable":true,"href":"https:\/\/www.geyer-genealogie.fr\/index.php\/wp-json\/wp\/v2\/comments?post=222"}],"version-history":[{"count":40,"href":"https:\/\/www.geyer-genealogie.fr\/index.php\/wp-json\/wp\/v2\/pages\/222\/revisions"}],"predecessor-version":[{"id":582,"href":"https:\/\/www.geyer-genealogie.fr\/index.php\/wp-json\/wp\/v2\/pages\/222\/revisions\/582"}],"wp:attachment":[{"href":"https:\/\/www.geyer-genealogie.fr\/index.php\/wp-json\/wp\/v2\/media?parent=222"}],"curies":[{"name":"wp","href":"https:\/\/api.w.org\/{rel}","templated":true}]}}