{"id":383,"date":"2023-09-30T11:52:37","date_gmt":"2023-09-30T09:52:37","guid":{"rendered":"http:\/\/www.geyer-genealogie.fr\/?page_id=383"},"modified":"2026-03-04T09:38:32","modified_gmt":"2026-03-04T08:38:32","slug":"mentions-legales","status":"publish","type":"page","link":"https:\/\/www.geyer-genealogie.fr\/index.php\/mentions-legales\/","title":{"rendered":"Mentions l\u00e9gales"},"content":{"rendered":"\n<div class=\"wp-block-kenta-blocks-paragraph kb-paragraph kb-paragraph-b84565fd\"><p class=\"\">Le site \u00ab\u00a0Geyer G\u00e9n\u00e9alogie \u00bb est \u00e9dit\u00e9 par M. Claude Geyer, g\u00e9n\u00e9alogiste professionnel \u00e0 Strasbourg. <\/p><\/div>\n\n\n\n<div class=\"wp-block-kenta-blocks-paragraph kb-paragraph kb-paragraph-1adebfca\"><p class=\"\"><strong>Directeur de la publication :<\/strong> M. Claude Geyer<br><strong>Num\u00e9ro de t\u00e9l\u00e9phone :<\/strong> 06.41.73.47.94<br><strong>Contact mail :<\/strong> geyer.genealogie@gmail.com<br><strong>SIRET <\/strong>: 923 490 288 00019<br><strong>Assurance Responsabilit\u00e9 Civile Professionnelle<\/strong> : LSN ASSURANCES contrat 127120690<br><br><strong>M\u00e9diateur de la consommation<\/strong><br>Conform\u00e9ment aux dispositions du Code de la Consommation concernant le r\u00e8glement amiable des litiges, il est possible, en cas de litige avec Geyer G\u00e9n\u00e9alogie, et apr\u00e8s d\u00e9marche pr\u00e9alable \u00e9crite du client, de recourir gratuitement au M\u00e9diateur de la consommation aupr\u00e8s de la profession de g\u00e9n\u00e9alogiste professionnel dont les coordonn\u00e9es sont les suivantes : <em>en cours de d\u00e9finition<\/em>, \u00a0<a href=\"https:\/\/mediateurconso-genealogistesfrance.fr\/\">https:\/\/mediateurconso-genealogistesfrance.fr\/<\/a><br><br><strong>Protection de la vie priv\u00e9e<\/strong><br>Soucieux de la protection des donn\u00e9es personnelles de ses clients, Geyer G\u00e9n\u00e9alogie s\u2019est dot\u00e9 d\u2019un Correspondant Informatique et Libert\u00e9s, garantissant sa conformit\u00e9 aux exigences de la CNIL.<br><br><strong>D\u00e9ontologie<\/strong><br>Membre de la chambre de g\u00e9n\u00e9alogistes professionnels\u00a0<a href=\"http:\/\/www.sygene.fr\/\">SYGENE,\u00a0<\/a><em>L\u2019alliance des g\u00e9n\u00e9alogistes professionnels<\/em>\u00a0(anciennement Chambre syndicale des g\u00e9n\u00e9alogistes et h\u00e9raldistes de France, CSGHF), j\u2019applique les r\u00e8gles de d\u00e9ontologie et de confidentialit\u00e9 \u00e9dict\u00e9es par ma chambre syndicale. <\/p><\/div>\n","protected":false},"excerpt":{"rendered":"","protected":false},"author":2,"featured_media":0,"parent":0,"menu_order":0,"comment_status":"closed","ping_status":"closed","template":"","meta":{"site-container-style":"default","site-container-layout":"default","site-sidebar-layout":"default","site-transparent-header":"default","disable-article-header":"default","disable-site-header":"default","disable-site-footer":"default","disable-content-area-spacing":"default","footnotes":""},"class_list":["post-383","page","type-page","status-publish","hentry"],"yoast_head":"<!-- This site is optimized with the Yoast SEO plugin v22.0 - https:\/\/yoast.com\/wordpress\/plugins\/seo\/ -->\n<title>Mentions l\u00e9gales - Geyer G\u00e9n\u00e9alogie<\/title>\n<meta name=\"robots\" content=\"index, follow, max-snippet:-1, max-image-preview:large, max-video-preview:-1\" \/>\n<link rel=\"canonical\" href=\"https:\/\/www.geyer-genealogie.fr\/index.php\/mentions-legales\/\" \/>\n<meta property=\"og:locale\" content=\"fr_FR\" \/>\n<meta property=\"og:type\" content=\"article\" \/>\n<meta property=\"og:title\" content=\"Mentions l\u00e9gales - Geyer G\u00e9n\u00e9alogie\" \/>\n<meta property=\"og:url\" content=\"https:\/\/www.geyer-genealogie.fr\/index.php\/mentions-legales\/\" \/>\n<meta property=\"og:site_name\" content=\"Geyer G\u00e9n\u00e9alogie\" \/>\n<meta property=\"article:publisher\" content=\"https:\/\/www.facebook.com\/profile.php?id=100093335324063\" \/>\n<meta property=\"article:modified_time\" content=\"2026-03-04T08:38:32+00:00\" \/>\n<meta name=\"twitter:card\" content=\"summary_large_image\" \/>\n<meta name=\"twitter:label1\" content=\"Dur\u00e9e de lecture estim\u00e9e\" \/>\n\t<meta name=\"twitter:data1\" content=\"1 minute\" \/>\n<script type=\"application\/ld+json\" class=\"yoast-schema-graph\">{\"@context\":\"https:\/\/schema.org\",\"@graph\":[{\"@type\":\"WebPage\",\"@id\":\"https:\/\/www.geyer-genealogie.fr\/index.php\/mentions-legales\/\",\"url\":\"https:\/\/www.geyer-genealogie.fr\/index.php\/mentions-legales\/\",\"name\":\"Mentions l\u00e9gales - Geyer G\u00e9n\u00e9alogie\",\"isPartOf\":{\"@id\":\"https:\/\/www.geyer-genealogie.fr\/#website\"},\"datePublished\":\"2023-09-30T09:52:37+00:00\",\"dateModified\":\"2026-03-04T08:38:32+00:00\",\"breadcrumb\":{\"@id\":\"https:\/\/www.geyer-genealogie.fr\/index.php\/mentions-legales\/#breadcrumb\"},\"inLanguage\":\"fr-FR\",\"potentialAction\":[{\"@type\":\"ReadAction\",\"target\":[\"https:\/\/www.geyer-genealogie.fr\/index.php\/mentions-legales\/\"]}]},{\"@type\":\"BreadcrumbList\",\"@id\":\"https:\/\/www.geyer-genealogie.fr\/index.php\/mentions-legales\/#breadcrumb\",\"itemListElement\":[{\"@type\":\"ListItem\",\"position\":1,\"name\":\"Accueil\",\"item\":\"https:\/\/www.geyer-genealogie.fr\/\"},{\"@type\":\"ListItem\",\"position\":2,\"name\":\"Mentions l\u00e9gales\"}]},{\"@type\":\"WebSite\",\"@id\":\"https:\/\/www.geyer-genealogie.fr\/#website\",\"url\":\"https:\/\/www.geyer-genealogie.fr\/\",\"name\":\"Geyer G\u00e9n\u00e9alogie\",\"description\":\"G\u00e9n\u00e9alogie en Alsace-Lorraine et en France\",\"potentialAction\":[{\"@type\":\"SearchAction\",\"target\":{\"@type\":\"EntryPoint\",\"urlTemplate\":\"https:\/\/www.geyer-genealogie.fr\/?s={search_term_string}\"},\"query-input\":\"required name=search_term_string\"}],\"inLanguage\":\"fr-FR\"}]}<\/script>\n<!-- \/ Yoast SEO plugin. -->","yoast_head_json":{"title":"Mentions l\u00e9gales - Geyer G\u00e9n\u00e9alogie","robots":{"index":"index","follow":"follow","max-snippet":"max-snippet:-1","max-image-preview":"max-image-preview:large","max-video-preview":"max-video-preview:-1"},"canonical":"https:\/\/www.geyer-genealogie.fr\/index.php\/mentions-legales\/","og_locale":"fr_FR","og_type":"article","og_title":"Mentions l\u00e9gales - Geyer G\u00e9n\u00e9alogie","og_url":"https:\/\/www.geyer-genealogie.fr\/index.php\/mentions-legales\/","og_site_name":"Geyer G\u00e9n\u00e9alogie","article_publisher":"https:\/\/www.facebook.com\/profile.php?id=100093335324063","article_modified_time":"2026-03-04T08:38:32+00:00","twitter_card":"summary_large_image","twitter_misc":{"Dur\u00e9e de lecture estim\u00e9e":"1 minute"},"schema":{"@context":"https:\/\/schema.org","@graph":[{"@type":"WebPage","@id":"https:\/\/www.geyer-genealogie.fr\/index.php\/mentions-legales\/","url":"https:\/\/www.geyer-genealogie.fr\/index.php\/mentions-legales\/","name":"Mentions l\u00e9gales - Geyer G\u00e9n\u00e9alogie","isPartOf":{"@id":"https:\/\/www.geyer-genealogie.fr\/#website"},"datePublished":"2023-09-30T09:52:37+00:00","dateModified":"2026-03-04T08:38:32+00:00","breadcrumb":{"@id":"https:\/\/www.geyer-genealogie.fr\/index.php\/mentions-legales\/#breadcrumb"},"inLanguage":"fr-FR","potentialAction":[{"@type":"ReadAction","target":["https:\/\/www.geyer-genealogie.fr\/index.php\/mentions-legales\/"]}]},{"@type":"BreadcrumbList","@id":"https:\/\/www.geyer-genealogie.fr\/index.php\/mentions-legales\/#breadcrumb","itemListElement":[{"@type":"ListItem","position":1,"name":"Accueil","item":"https:\/\/www.geyer-genealogie.fr\/"},{"@type":"ListItem","position":2,"name":"Mentions l\u00e9gales"}]},{"@type":"WebSite","@id":"https:\/\/www.geyer-genealogie.fr\/#website","url":"https:\/\/www.geyer-genealogie.fr\/","name":"Geyer G\u00e9n\u00e9alogie","description":"G\u00e9n\u00e9alogie en Alsace-Lorraine et en France","potentialAction":[{"@type":"SearchAction","target":{"@type":"EntryPoint","urlTemplate":"https:\/\/www.geyer-genealogie.fr\/?s={search_term_string}"},"query-input":"required name=search_term_string"}],"inLanguage":"fr-FR"}]}},"_links":{"self":[{"href":"https:\/\/www.geyer-genealogie.fr\/index.php\/wp-json\/wp\/v2\/pages\/383","targetHints":{"allow":["GET"]}}],"collection":[{"href":"https:\/\/www.geyer-genealogie.fr\/index.php\/wp-json\/wp\/v2\/pages"}],"about":[{"href":"https:\/\/www.geyer-genealogie.fr\/index.php\/wp-json\/wp\/v2\/types\/page"}],"author":[{"embeddable":true,"href":"https:\/\/www.geyer-genealogie.fr\/index.php\/wp-json\/wp\/v2\/users\/2"}],"replies":[{"embeddable":true,"href":"https:\/\/www.geyer-genealogie.fr\/index.php\/wp-json\/wp\/v2\/comments?post=383"}],"version-history":[{"count":10,"href":"https:\/\/www.geyer-genealogie.fr\/index.php\/wp-json\/wp\/v2\/pages\/383\/revisions"}],"predecessor-version":[{"id":661,"href":"https:\/\/www.geyer-genealogie.fr\/index.php\/wp-json\/wp\/v2\/pages\/383\/revisions\/661"}],"wp:attachment":[{"href":"https:\/\/www.geyer-genealogie.fr\/index.php\/wp-json\/wp\/v2\/media?parent=383"}],"curies":[{"name":"wp","href":"https:\/\/api.w.org\/{rel}","templated":true}]}}