{"id":399,"date":"2023-10-02T15:59:55","date_gmt":"2023-10-02T13:59:55","guid":{"rendered":"http:\/\/www.geyer-genealogie.fr\/?page_id=399"},"modified":"2023-10-10T10:39:57","modified_gmt":"2023-10-10T08:39:57","slug":"rechercher-des-heritiers","status":"publish","type":"page","link":"https:\/\/www.geyer-genealogie.fr\/index.php\/rechercher-des-heritiers\/","title":{"rendered":"Rechercher des h\u00e9ritiers"},"content":{"rendered":"\n<div class=\"wp-block-kenta-blocks-paragraph kb-paragraph kb-paragraph-38ab0855\"><p class=\"\">La recherche d&rsquo;h\u00e9ritiers peut concerner aussi bien un professionnel (notaire, avocat, g\u00e9n\u00e9alogiste successoral, compagnie d&rsquo;assurance, banque, gestionnaires de biens immobiliers, &#8230;) qu&rsquo;un particulier. En effet, ce dernier peut solliciter les services d&rsquo;un g\u00e9n\u00e9alogiste professionnel d\u00e8s lors qu&rsquo;il a un int\u00e9r\u00eat direct et l\u00e9gitime \u00e0 l&rsquo;identification des h\u00e9ritiers ou au r\u00e8glement de la succession, conform\u00e9ment \u00e0 l\u2019<a href=\"https:\/\/www.legifrance.gouv.fr\/loda\/article_lc\/LEGIARTI000006284870\">article 36 de la loi du 23 juin 2006<\/a> portant r\u00e9forme des successions et des lib\u00e9ralit\u00e9s. <\/p><\/div>\n\n\n\n<div class=\"wp-block-kenta-blocks-paragraph kb-paragraph kb-paragraph-0112a5d5\"><p class=\"\">Pour les particuliers, je suis habilit\u00e9 \u00e0 effectuer des recherches approfondies pour identifier les h\u00e9ritiers potentiels, en retrouvant des documents tels que les actes de naissance, de mariage et de d\u00e9c\u00e8s, les registres fonciers, les testaments, les contrats de mariage, etc. et valider la qualit\u00e9 d\u2019h\u00e9ritier d\u2019une personne d\u00e9c\u00e9d\u00e9e. <\/p><\/div>\n\n\n\n<div class=\"wp-block-kenta-blocks-buttons kb-buttons kb-buttons-84a56298\">\n<div class=\"kb-button-wrapper kb-button-wrapper-3dc14c10\"><a class=\"wp-block-kenta-blocks-button kb-button kb-button-3dc14c10 kb-button-left\" href=\"https:\/\/www.geyer-genealogie.fr\/index.php\/contact\/\"><span>Me contacter<\/span><\/a><\/div>\n<\/div>\n","protected":false},"excerpt":{"rendered":"","protected":false},"author":1,"featured_media":0,"parent":0,"menu_order":0,"comment_status":"closed","ping_status":"closed","template":"","meta":{"site-container-style":"default","site-container-layout":"default","site-sidebar-layout":"default","site-transparent-header":"default","disable-article-header":"default","disable-site-header":"default","disable-site-footer":"default","disable-content-area-spacing":"default","footnotes":""},"class_list":["post-399","page","type-page","status-publish","hentry"],"yoast_head":"<!-- This site is optimized with the Yoast SEO plugin v22.0 - https:\/\/yoast.com\/wordpress\/plugins\/seo\/ -->\n<title>Rechercher des h\u00e9ritiers - Geyer G\u00e9n\u00e9alogie<\/title>\n<meta name=\"robots\" content=\"index, follow, max-snippet:-1, max-image-preview:large, max-video-preview:-1\" \/>\n<link rel=\"canonical\" href=\"https:\/\/www.geyer-genealogie.fr\/index.php\/rechercher-des-heritiers\/\" \/>\n<meta property=\"og:locale\" content=\"fr_FR\" \/>\n<meta property=\"og:type\" content=\"article\" \/>\n<meta property=\"og:title\" content=\"Rechercher des h\u00e9ritiers - Geyer G\u00e9n\u00e9alogie\" \/>\n<meta property=\"og:url\" content=\"https:\/\/www.geyer-genealogie.fr\/index.php\/rechercher-des-heritiers\/\" \/>\n<meta property=\"og:site_name\" content=\"Geyer G\u00e9n\u00e9alogie\" \/>\n<meta property=\"article:publisher\" content=\"https:\/\/www.facebook.com\/profile.php?id=100093335324063\" \/>\n<meta property=\"article:modified_time\" content=\"2023-10-10T08:39:57+00:00\" \/>\n<meta name=\"twitter:card\" content=\"summary_large_image\" \/>\n<meta name=\"twitter:label1\" content=\"Dur\u00e9e de lecture estim\u00e9e\" \/>\n\t<meta name=\"twitter:data1\" content=\"1 minute\" \/>\n<script type=\"application\/ld+json\" class=\"yoast-schema-graph\">{\"@context\":\"https:\/\/schema.org\",\"@graph\":[{\"@type\":\"WebPage\",\"@id\":\"https:\/\/www.geyer-genealogie.fr\/index.php\/rechercher-des-heritiers\/\",\"url\":\"https:\/\/www.geyer-genealogie.fr\/index.php\/rechercher-des-heritiers\/\",\"name\":\"Rechercher des h\u00e9ritiers - Geyer G\u00e9n\u00e9alogie\",\"isPartOf\":{\"@id\":\"https:\/\/www.geyer-genealogie.fr\/#website\"},\"datePublished\":\"2023-10-02T13:59:55+00:00\",\"dateModified\":\"2023-10-10T08:39:57+00:00\",\"breadcrumb\":{\"@id\":\"https:\/\/www.geyer-genealogie.fr\/index.php\/rechercher-des-heritiers\/#breadcrumb\"},\"inLanguage\":\"fr-FR\",\"potentialAction\":[{\"@type\":\"ReadAction\",\"target\":[\"https:\/\/www.geyer-genealogie.fr\/index.php\/rechercher-des-heritiers\/\"]}]},{\"@type\":\"BreadcrumbList\",\"@id\":\"https:\/\/www.geyer-genealogie.fr\/index.php\/rechercher-des-heritiers\/#breadcrumb\",\"itemListElement\":[{\"@type\":\"ListItem\",\"position\":1,\"name\":\"Accueil\",\"item\":\"https:\/\/www.geyer-genealogie.fr\/\"},{\"@type\":\"ListItem\",\"position\":2,\"name\":\"Rechercher des h\u00e9ritiers\"}]},{\"@type\":\"WebSite\",\"@id\":\"https:\/\/www.geyer-genealogie.fr\/#website\",\"url\":\"https:\/\/www.geyer-genealogie.fr\/\",\"name\":\"Geyer G\u00e9n\u00e9alogie\",\"description\":\"G\u00e9n\u00e9alogie en Alsace-Lorraine et en France\",\"potentialAction\":[{\"@type\":\"SearchAction\",\"target\":{\"@type\":\"EntryPoint\",\"urlTemplate\":\"https:\/\/www.geyer-genealogie.fr\/?s={search_term_string}\"},\"query-input\":\"required name=search_term_string\"}],\"inLanguage\":\"fr-FR\"}]}<\/script>\n<!-- \/ Yoast SEO plugin. -->","yoast_head_json":{"title":"Rechercher des h\u00e9ritiers - Geyer G\u00e9n\u00e9alogie","robots":{"index":"index","follow":"follow","max-snippet":"max-snippet:-1","max-image-preview":"max-image-preview:large","max-video-preview":"max-video-preview:-1"},"canonical":"https:\/\/www.geyer-genealogie.fr\/index.php\/rechercher-des-heritiers\/","og_locale":"fr_FR","og_type":"article","og_title":"Rechercher des h\u00e9ritiers - Geyer G\u00e9n\u00e9alogie","og_url":"https:\/\/www.geyer-genealogie.fr\/index.php\/rechercher-des-heritiers\/","og_site_name":"Geyer G\u00e9n\u00e9alogie","article_publisher":"https:\/\/www.facebook.com\/profile.php?id=100093335324063","article_modified_time":"2023-10-10T08:39:57+00:00","twitter_card":"summary_large_image","twitter_misc":{"Dur\u00e9e de lecture estim\u00e9e":"1 minute"},"schema":{"@context":"https:\/\/schema.org","@graph":[{"@type":"WebPage","@id":"https:\/\/www.geyer-genealogie.fr\/index.php\/rechercher-des-heritiers\/","url":"https:\/\/www.geyer-genealogie.fr\/index.php\/rechercher-des-heritiers\/","name":"Rechercher des h\u00e9ritiers - Geyer G\u00e9n\u00e9alogie","isPartOf":{"@id":"https:\/\/www.geyer-genealogie.fr\/#website"},"datePublished":"2023-10-02T13:59:55+00:00","dateModified":"2023-10-10T08:39:57+00:00","breadcrumb":{"@id":"https:\/\/www.geyer-genealogie.fr\/index.php\/rechercher-des-heritiers\/#breadcrumb"},"inLanguage":"fr-FR","potentialAction":[{"@type":"ReadAction","target":["https:\/\/www.geyer-genealogie.fr\/index.php\/rechercher-des-heritiers\/"]}]},{"@type":"BreadcrumbList","@id":"https:\/\/www.geyer-genealogie.fr\/index.php\/rechercher-des-heritiers\/#breadcrumb","itemListElement":[{"@type":"ListItem","position":1,"name":"Accueil","item":"https:\/\/www.geyer-genealogie.fr\/"},{"@type":"ListItem","position":2,"name":"Rechercher des h\u00e9ritiers"}]},{"@type":"WebSite","@id":"https:\/\/www.geyer-genealogie.fr\/#website","url":"https:\/\/www.geyer-genealogie.fr\/","name":"Geyer G\u00e9n\u00e9alogie","description":"G\u00e9n\u00e9alogie en Alsace-Lorraine et en France","potentialAction":[{"@type":"SearchAction","target":{"@type":"EntryPoint","urlTemplate":"https:\/\/www.geyer-genealogie.fr\/?s={search_term_string}"},"query-input":"required name=search_term_string"}],"inLanguage":"fr-FR"}]}},"_links":{"self":[{"href":"https:\/\/www.geyer-genealogie.fr\/index.php\/wp-json\/wp\/v2\/pages\/399","targetHints":{"allow":["GET"]}}],"collection":[{"href":"https:\/\/www.geyer-genealogie.fr\/index.php\/wp-json\/wp\/v2\/pages"}],"about":[{"href":"https:\/\/www.geyer-genealogie.fr\/index.php\/wp-json\/wp\/v2\/types\/page"}],"author":[{"embeddable":true,"href":"https:\/\/www.geyer-genealogie.fr\/index.php\/wp-json\/wp\/v2\/users\/1"}],"replies":[{"embeddable":true,"href":"https:\/\/www.geyer-genealogie.fr\/index.php\/wp-json\/wp\/v2\/comments?post=399"}],"version-history":[{"count":7,"href":"https:\/\/www.geyer-genealogie.fr\/index.php\/wp-json\/wp\/v2\/pages\/399\/revisions"}],"predecessor-version":[{"id":525,"href":"https:\/\/www.geyer-genealogie.fr\/index.php\/wp-json\/wp\/v2\/pages\/399\/revisions\/525"}],"wp:attachment":[{"href":"https:\/\/www.geyer-genealogie.fr\/index.php\/wp-json\/wp\/v2\/media?parent=399"}],"curies":[{"name":"wp","href":"https:\/\/api.w.org\/{rel}","templated":true}]}}